{"id":3272,"date":"2017-11-14T18:30:20","date_gmt":"2017-11-14T18:30:20","guid":{"rendered":"https:\/\/eagtrans.com\/\/?page_id=3272"},"modified":"2017-12-22T12:25:15","modified_gmt":"2017-12-22T11:25:15","slug":"presupuesto","status":"publish","type":"page","link":"https:\/\/eagtrans.com\/fr\/presupuesto\/","title":{"rendered":"(Espa\u00f1ol) Presupuesto"},"content":{"rendered":"<p class=\"qtranxs-available-languages-message qtranxs-available-languages-message-fr\">D\u00e9sol\u00e9, cet article est seulement disponible en <a href=\"https:\/\/eagtrans.com\/es\/wp-json\/wp\/v2\/pages\/3272\" class=\"qtranxs-available-language-link qtranxs-available-language-link-es\" title=\"Espa\u00f1ol\">Espa\u00f1ol<\/a> et <a href=\"https:\/\/eagtrans.com\/en\/wp-json\/wp\/v2\/pages\/3272\" class=\"qtranxs-available-language-link qtranxs-available-language-link-en\" title=\"English\">English<\/a>.<\/p>","protected":false},"excerpt":{"rendered":"<p>D\u00e9sol\u00e9, cet article est seulement disponible en Espa\u00f1ol et English.<\/p>\n","protected":false},"author":1,"featured_media":0,"parent":0,"menu_order":0,"comment_status":"closed","ping_status":"closed","template":"","meta":{"jetpack_post_was_ever_published":false,"footnotes":""},"class_list":["post-3272","page","type-page","status-publish"],"yoast_head":"<!-- This site is optimized with the Yoast SEO plugin v26.4 - https:\/\/yoast.com\/wordpress\/plugins\/seo\/ -->\n<title>(Espa\u00f1ol) Presupuesto de manera individual y de forma gratuita I eagtrans.com<\/title>\n<meta name=\"description\" content=\"(Espa\u00f1ol) \u00a0Cada proyecto se presupuesta de manera individual. Por lo tanto, si quiere obtener un presupuesto gratuito y sin ning\u00fan compromiso, env\u00ede un correo...\" \/>\n<meta name=\"robots\" content=\"index, follow, max-snippet:-1, max-image-preview:large, max-video-preview:-1\" \/>\n<link rel=\"canonical\" href=\"https:\/\/eagtrans.com\/fr\/presupuesto\/\" \/>\n<meta property=\"og:locale\" content=\"fr_FR\" \/>\n<meta property=\"og:type\" content=\"article\" \/>\n<meta property=\"og:title\" content=\"(Espa\u00f1ol) Presupuesto de manera individual y de forma gratuita I eagtrans.com\" \/>\n<meta property=\"og:description\" content=\"(Espa\u00f1ol) \u00a0Cada proyecto se presupuesta de manera individual. Por lo tanto, si quiere obtener un presupuesto gratuito y sin ning\u00fan compromiso, env\u00ede un correo...\" \/>\n<meta property=\"og:url\" content=\"https:\/\/eagtrans.com\/fr\/presupuesto\/\" \/>\n<meta property=\"og:site_name\" content=\"Elvira Aguilar Gonz\u00e1lez - eagtrans.com\" \/>\n<meta property=\"article:modified_time\" content=\"2017-12-22T11:25:15+00:00\" \/>\n<meta name=\"twitter:card\" content=\"summary_large_image\" \/>\n<meta name=\"twitter:label1\" content=\"Dur\u00e9e de lecture estim\u00e9e\" \/>\n\t<meta name=\"twitter:data1\" content=\"7 minutes\" \/>\n<script type=\"application\/ld+json\" class=\"yoast-schema-graph\">{\"@context\":\"https:\/\/schema.org\",\"@graph\":[{\"@type\":\"WebPage\",\"@id\":\"https:\/\/eagtrans.com\/fr\/presupuesto\/\",\"url\":\"https:\/\/eagtrans.com\/fr\/presupuesto\/\",\"name\":\"(Espa\u00f1ol) Presupuesto de manera individual y de forma gratuita I eagtrans.com\",\"isPartOf\":{\"@id\":\"https:\/\/eagtrans.com\/es\/#website\"},\"datePublished\":\"2017-11-14T18:30:20+00:00\",\"dateModified\":\"2017-12-22T11:25:15+00:00\",\"description\":\"(Espa\u00f1ol) \u00a0Cada proyecto se presupuesta de manera individual. Por lo tanto, si quiere obtener un presupuesto gratuito y sin ning\u00fan compromiso, env\u00ede un correo...\",\"breadcrumb\":{\"@id\":\"https:\/\/eagtrans.com\/fr\/presupuesto\/#breadcrumb\"},\"inLanguage\":\"fr-FR\",\"potentialAction\":[{\"@type\":\"ReadAction\",\"target\":[\"https:\/\/eagtrans.com\/fr\/presupuesto\/\"]}]},{\"@type\":\"BreadcrumbList\",\"@id\":\"https:\/\/eagtrans.com\/fr\/presupuesto\/#breadcrumb\",\"itemListElement\":[{\"@type\":\"ListItem\",\"position\":1,\"name\":\"Portada\",\"item\":\"http:\/\/eagtrans.com\/es\/\"},{\"@type\":\"ListItem\",\"position\":2,\"name\":\"(Espa\u00f1ol) Presupuesto\"}]},{\"@type\":\"WebSite\",\"@id\":\"https:\/\/eagtrans.com\/es\/#website\",\"url\":\"https:\/\/eagtrans.com\/es\/\",\"name\":\"Elvira Aguilar Gonz\u00e1lez - eagtrans.com\",\"description\":\"Elvira Aguilar Gonz\u00e1lez - eagtrans.com | Traductora\",\"potentialAction\":[{\"@type\":\"SearchAction\",\"target\":{\"@type\":\"EntryPoint\",\"urlTemplate\":\"https:\/\/eagtrans.com\/es\/?s={search_term_string}\"},\"query-input\":{\"@type\":\"PropertyValueSpecification\",\"valueRequired\":true,\"valueName\":\"search_term_string\"}}],\"inLanguage\":\"fr-FR\"}]}<\/script>\n<!-- \/ Yoast SEO plugin. -->","yoast_head_json":{"title":"(Espa\u00f1ol) Presupuesto de manera individual y de forma gratuita I eagtrans.com","description":"(Espa\u00f1ol) \u00a0Cada proyecto se presupuesta de manera individual. Por lo tanto, si quiere obtener un presupuesto gratuito y sin ning\u00fan compromiso, env\u00ede un correo...","robots":{"index":"index","follow":"follow","max-snippet":"max-snippet:-1","max-image-preview":"max-image-preview:large","max-video-preview":"max-video-preview:-1"},"canonical":"https:\/\/eagtrans.com\/fr\/presupuesto\/","og_locale":"fr_FR","og_type":"article","og_title":"(Espa\u00f1ol) Presupuesto de manera individual y de forma gratuita I eagtrans.com","og_description":"(Espa\u00f1ol) \u00a0Cada proyecto se presupuesta de manera individual. Por lo tanto, si quiere obtener un presupuesto gratuito y sin ning\u00fan compromiso, env\u00ede un correo...","og_url":"https:\/\/eagtrans.com\/fr\/presupuesto\/","og_site_name":"Elvira Aguilar Gonz\u00e1lez - eagtrans.com","article_modified_time":"2017-12-22T11:25:15+00:00","twitter_card":"summary_large_image","twitter_misc":{"Dur\u00e9e de lecture estim\u00e9e":"7 minutes"},"schema":{"@context":"https:\/\/schema.org","@graph":[{"@type":"WebPage","@id":"https:\/\/eagtrans.com\/fr\/presupuesto\/","url":"https:\/\/eagtrans.com\/fr\/presupuesto\/","name":"(Espa\u00f1ol) Presupuesto de manera individual y de forma gratuita I eagtrans.com","isPartOf":{"@id":"https:\/\/eagtrans.com\/es\/#website"},"datePublished":"2017-11-14T18:30:20+00:00","dateModified":"2017-12-22T11:25:15+00:00","description":"(Espa\u00f1ol) \u00a0Cada proyecto se presupuesta de manera individual. Por lo tanto, si quiere obtener un presupuesto gratuito y sin ning\u00fan compromiso, env\u00ede un correo...","breadcrumb":{"@id":"https:\/\/eagtrans.com\/fr\/presupuesto\/#breadcrumb"},"inLanguage":"fr-FR","potentialAction":[{"@type":"ReadAction","target":["https:\/\/eagtrans.com\/fr\/presupuesto\/"]}]},{"@type":"BreadcrumbList","@id":"https:\/\/eagtrans.com\/fr\/presupuesto\/#breadcrumb","itemListElement":[{"@type":"ListItem","position":1,"name":"Portada","item":"http:\/\/eagtrans.com\/es\/"},{"@type":"ListItem","position":2,"name":"(Espa\u00f1ol) Presupuesto"}]},{"@type":"WebSite","@id":"https:\/\/eagtrans.com\/es\/#website","url":"https:\/\/eagtrans.com\/es\/","name":"Elvira Aguilar Gonz\u00e1lez - eagtrans.com","description":"Elvira Aguilar Gonz\u00e1lez - eagtrans.com | Traductora","potentialAction":[{"@type":"SearchAction","target":{"@type":"EntryPoint","urlTemplate":"https:\/\/eagtrans.com\/es\/?s={search_term_string}"},"query-input":{"@type":"PropertyValueSpecification","valueRequired":true,"valueName":"search_term_string"}}],"inLanguage":"fr-FR"}]}},"jetpack_sharing_enabled":true,"jetpack_shortlink":"https:\/\/wp.me\/PaNv5I-QM","_links":{"self":[{"href":"https:\/\/eagtrans.com\/fr\/wp-json\/wp\/v2\/pages\/3272","targetHints":{"allow":["GET"]}}],"collection":[{"href":"https:\/\/eagtrans.com\/fr\/wp-json\/wp\/v2\/pages"}],"about":[{"href":"https:\/\/eagtrans.com\/fr\/wp-json\/wp\/v2\/types\/page"}],"author":[{"embeddable":true,"href":"https:\/\/eagtrans.com\/fr\/wp-json\/wp\/v2\/users\/1"}],"replies":[{"embeddable":true,"href":"https:\/\/eagtrans.com\/fr\/wp-json\/wp\/v2\/comments?post=3272"}],"version-history":[{"count":4,"href":"https:\/\/eagtrans.com\/fr\/wp-json\/wp\/v2\/pages\/3272\/revisions"}],"predecessor-version":[{"id":3556,"href":"https:\/\/eagtrans.com\/fr\/wp-json\/wp\/v2\/pages\/3272\/revisions\/3556"}],"wp:attachment":[{"href":"https:\/\/eagtrans.com\/fr\/wp-json\/wp\/v2\/media?parent=3272"}],"curies":[{"name":"wp","href":"https:\/\/api.w.org\/{rel}","templated":true}]}}