{"id":3889,"date":"2020-05-01T17:59:56","date_gmt":"2020-05-01T16:59:56","guid":{"rendered":"https:\/\/eagtrans.com\/es\/?page_id=3889"},"modified":"2020-05-01T18:01:06","modified_gmt":"2020-05-01T17:01:06","slug":"politica-de-privacidad-y-de-cookies","status":"publish","type":"page","link":"https:\/\/eagtrans.com\/es\/politica-de-privacidad\/","title":{"rendered":"Pol\u00edtica de Privacidad y de Cookies"},"content":{"rendered":"[vc_row type=&#8221;in_container&#8221; full_screen_row_position=&#8221;middle&#8221; column_margin=&#8221;default&#8221; column_direction=&#8221;default&#8221; column_direction_tablet=&#8221;default&#8221; column_direction_phone=&#8221;default&#8221; scene_position=&#8221;center&#8221; text_color=&#8221;dark&#8221; text_align=&#8221;left&#8221; row_border_radius=&#8221;none&#8221; row_border_radius_applies=&#8221;bg&#8221; overlay_strength=&#8221;0.3&#8243; gradient_direction=&#8221;left_to_right&#8221; shape_divider_position=&#8221;bottom&#8221; bg_image_animation=&#8221;none&#8221;][vc_column column_padding=&#8221;no-extra-padding&#8221; column_padding_tablet=&#8221;inherit&#8221; column_padding_phone=&#8221;inherit&#8221; column_padding_position=&#8221;all&#8221; background_color_opacity=&#8221;1&#8243; background_hover_color_opacity=&#8221;1&#8243; column_shadow=&#8221;none&#8221; column_border_radius=&#8221;none&#8221; column_link_target=&#8221;_self&#8221; gradient_direction=&#8221;left_to_right&#8221; overlay_strength=&#8221;0.3&#8243; width=&#8221;1\/6&#8243; tablet_width_inherit=&#8221;default&#8221; tablet_text_alignment=&#8221;default&#8221; phone_text_alignment=&#8221;default&#8221; column_border_width=&#8221;none&#8221; column_border_style=&#8221;solid&#8221; bg_image_animation=&#8221;none&#8221;][\/vc_column][vc_column column_padding=&#8221;no-extra-padding&#8221; column_padding_tablet=&#8221;inherit&#8221; column_padding_phone=&#8221;inherit&#8221; column_padding_position=&#8221;all&#8221; background_color_opacity=&#8221;1&#8243; background_hover_color_opacity=&#8221;1&#8243; column_shadow=&#8221;none&#8221; column_border_radius=&#8221;none&#8221; column_link_target=&#8221;_self&#8221; gradient_direction=&#8221;left_to_right&#8221; overlay_strength=&#8221;0.3&#8243; width=&#8221;2\/3&#8243; tablet_width_inherit=&#8221;default&#8221; tablet_text_alignment=&#8221;default&#8221; phone_text_alignment=&#8221;default&#8221; column_border_width=&#8221;none&#8221; column_border_style=&#8221;solid&#8221; bg_image_animation=&#8221;none&#8221;][divider line_type=&#8221;No Line&#8221; custom_height=&#8221;50&#8243;][vc_column_text]\n<h1><strong>POL\u00cdTICA DE PRIVACIDAD<\/strong><\/h1>\n<h3><strong>1.- \u00bfQui\u00e9n es el responsable del tratamiento de sus datos?<\/strong><\/h3>\n<p>El responsable del tratamiento de sus datos personales es ELVIRA AGUILAR GONZALEZ, con N.I.F. 30997139Q y domicilio social en Calle V\u00e1zquez Aroca 12, 2.\u00ba izq. 14005, C\u00f3rdoba, Espa\u00f1a<\/p>\n<p>Le informamos que la titularidad del Sitio Web de https:\/\/eagtrans.com\/ (en adelante, el \u201c<strong>Sitio Web<\/strong>\u201d), es .<\/p>\n<p>El acceso y\/o uso del Sitio Web, le atribuye la condici\u00f3n de Usuario e implica la aceptaci\u00f3n, desde dicho acceso y\/o uso, de la presente Pol\u00edtica de Privacidad.<\/p>\n<p>El Usuario podr\u00e1 contactar con ELVIRA AGUILAR GONZALEZ en la siguiente direcci\u00f3n de correo electr\u00f3nicoinfo@eagtrans.com<\/p>\n<h3><strong>2.- \u00bfPor qu\u00e9 ELVIRA AGUILAR GONZALEZ est\u00e1 legitimado para llevar a cabo el tratamiento de datos?<\/strong><\/h3>\n<p>ELVIRA AGUILAR GONZALEZ est\u00e1 legitimado para tratar sus datos para poder llevar a cabo la prestaci\u00f3n de sus servicios.<\/p>\n<p>ELVIRA AGUILAR GONZALEZ se toma muy en serio la protecci\u00f3n de su privacidad y de sus datos personales. Por lo tanto, su informaci\u00f3n personal se conserva de forma segura y se trata con el m\u00e1ximo cuidado.<\/p>\n<p>La presente Pol\u00edtica de Privacidad regula el acceso y el uso al servicio que ELVIRA AGUILAR GONZALEZ pone a disposici\u00f3n del Usuario interesado en los servicios y Contenidos alojados en el Sitio Web.<\/p>\n<h3><strong>3.- \u00bfCu\u00e1les son las finalidades del tratamiento de sus datos de car\u00e1cter personal por parte de<\/strong><strong>ELVIRA AGUILAR GONZALEZ?<\/strong><\/h3>\n<p>Sus datos de car\u00e1cter personal recabados por ELVIRA AGUILAR GONZALEZ podr\u00e1n ser utilizados para las siguientes finalidades, seg\u00fan el consentimiento otorgado en el formulario de registro correspondiente:<\/p>\n<p>&nbsp;<\/p>\n<p>(I) La prestaci\u00f3n de los servicios ofrecidos a trav\u00e9s del Sitio Web.<\/p>\n<p>(II) El env\u00edo de comunicaciones comerciales perfiladas sobre sus servicios de ELVIRA AGUILAR GONZALEZ mediante carta, tel\u00e9fono, correo electr\u00f3nico, SMS\/MMS, o por otros medios de comunicaci\u00f3n electr\u00f3nica equivalentes.<\/p>\n<h3><strong>4.- Veracidad de los datos facilitados por los Usuarios y datos de menores<\/strong><\/h3>\n<p>El Usuario garantiza que los datos personales facilitados son veraces y se hace responsable de comunicar a ELVIRA AGUILAR GONZALEZ cualquier modificaci\u00f3n de estos. El Usuario responder\u00e1, en cualquier caso, de la veracidad de los datos facilitados, reserv\u00e1ndose ELVIRA AGUILAR GONZALEZ el derecho a excluir de los Servicios registrados a todo Usuario que haya facilitado datos falsos, sin perjuicio de las dem\u00e1s acciones que procedan en Derecho.<\/p>\n<h3><strong>5.-Conservaci\u00f3n de los datos<\/strong><\/h3>\n<p>Los datos personales proporcionados se conservar\u00e1n por parte de ELVIRA AGUILAR GONZALEZ mientras el Usuario no manifieste su voluntad de darse de baja de los servicios de ELVIRA AGUILAR GONZALEZ, y ello con la finalidad de recibir informaci\u00f3n sobre productos de la empresa.<\/p>\n<h3><strong>6.- Derechos del Usuario en relaci\u00f3n con sus datos<\/strong><\/h3>\n<p>El Usuario tiene derecho a<\/p>\n<p>(I) Acceder a sus datos personales.<\/p>\n<p>(II) Solicitar la rectificaci\u00f3n de los datos inexactos<\/p>\n<p>(III) Solicitar su supresi\u00f3n.<\/p>\n<p>(IV) Solicitar la limitaci\u00f3n del tratamiento de sus datos.<\/p>\n<p>(V) Oponerse al tratamiento de sus datos.<\/p>\n<p>(VI) Solicitar su portabilidad.<\/p>\n<p>(VII)\u00a0 No ser objeto de decisiones individuales automatizadas.<\/p>\n<p>(VIII) Adem\u00e1s, el Usuario podr\u00e1 ejercer su derecho al olvido.<\/p>\n<p>&nbsp;<\/p>\n<p>El Usuario puede ejercer todos estos derechos en la siguiente direcci\u00f3n de email info@eagtrans.com indicando el motivo de su petici\u00f3n y aportando una copia de su D.N.I.<\/p>\n<p>El Usuario puede tambi\u00e9n enviar su petici\u00f3n por correo ordinario a la siguiente direcci\u00f3n:<\/p>\n<p>Calle V\u00e1zquez Aroca 12, 2.\u00ba izq. 14005, C\u00f3rdoba, Espa\u00f1a<\/p>\n<p>Sin perjuicio de cualquier otro recurso administrativo o acci\u00f3n judicial, el Usuario tendr\u00e1 derecho a presentar una reclamaci\u00f3n ante una Autoridad de Control, en particular en el Estado miembro en el que tenga su residencia habitual, lugar de trabajo o lugar de la supuesta infracci\u00f3n, en caso de que considere que el tratamiento de sus datos personales no es adecuado a la normativa, as\u00ed como en el caso de no ver satisfecho el ejercicio de sus derechos. La autoridad de control ante la que se haya presentado la reclamaci\u00f3n informar\u00e1 al reclamante sobre el curso y el resultado de la reclamaci\u00f3n.<\/p>\n<h3><strong>7.- Seguridad de los datos<\/strong><\/h3>\n<p>La protecci\u00f3n de la privacidad y los datos personales de los Usuarios es muy importante para ELVIRA AGUILAR GONZALEZ Por lo tanto, ELVIRA AGUILAR GONZALEZ hace todo lo que est\u00e1 en su mano para impedir que sus datos se utilicen de forma inadecuada, permitiendo el acceso a los mismo \u00fanicamente a personal autorizado.<\/p>\n<p>ELVIRA AGUILAR GONZALEZ mantiene los niveles de seguridad de protecci\u00f3n de datos personales conforme a la normativa aplicable y ha establecido todos los medios t\u00e9cnicos a su alcance para evitar la p\u00e9rdida, mal uso, alteraci\u00f3n, acceso no autorizado y robo de los datos que el Usuario facilite a trav\u00e9s del Sitio Web sin perjuicio de informarle de que las medidas de seguridad en Internet no son inexpugnables.<\/p>\n<p>ELVIRA AGUILAR GONZALEZ se compromete a cumplir con el deber de secreto y confidencialidad respecto de los datos personales de acuerdo con la legislaci\u00f3n aplicable, as\u00ed como a conferirles un tratamiento seguro en las cesiones y transferencias internacionales de datos que, en su caso, puedan producirse.<\/p>\n<p>En aquellos servicios del Sitio Web precisen registrarse como Usuario, se deber\u00e1 elegir una contrase\u00f1a. El Usuario es el responsable de mantener la confidencialidad de esta contrase\u00f1a, as\u00ed como de todas las actividades que ocurran en la sesi\u00f3n iniciada con su nombre y contrase\u00f1a.<\/p>\n<p>El Usuario se compromete a notificar ELVIRA AGUILAR GONZALEZ a la mayor brevedad el uso no autorizado de su nombre de Usuario y\/o contrase\u00f1a o cualquier otro fallo en la seguridad. ELVIRA AGUILAR GONZALEZ no ser\u00e1 responsable por los da\u00f1os o p\u00e9rdidas que se pudieran originar debido al no cumplimiento de esta obligaci\u00f3n por parte del Usuario.<\/p>\n<h3><strong>8.-Cambios<\/strong><\/h3>\n<p>ELVIRA AGUILAR GONZALEZ se reserva el derecho de revisar su Pol\u00edtica de Privacidad en el momento que considere oportuno. Por esta raz\u00f3n, le rogamos que compruebe de forma regular esta Pol\u00edtica de Privacidad para leer la versi\u00f3n m\u00e1s reciente de la misma.<\/p>\n<p>No obstante, cualquier cambio que se produzca en la presente Pol\u00edtica de Privacidad se comunicar\u00e1 al Usuario.<\/p>\n<h3><strong>9.- Links a p\u00e1ginas web<\/strong><\/h3>\n<p>EL Sitio Web ELVIRA AGUILAR GONZALEZ podr\u00eda contener links a p\u00e1ginas web de compa\u00f1\u00edas y entidades de terceros. ELVIRA AGUILAR GONZALEZ no puede hacerse responsable de la forma en la que estas compa\u00f1\u00edas tratan la protecci\u00f3n de la privacidad y de los datos personales, por lo que le aconsejamos que lea detenidamente las declaraciones de Pol\u00edtica de Privacidad de estas p\u00e1ginas web que no son propiedad de ELVIRA AGUILAR GONZALEZ con relaci\u00f3n al uso, procesamiento y protecci\u00f3n de datos personales.<\/p>\n<p>Las condiciones que ofrecen estas p\u00e1ginas web pueden no ser las mismas que las que ofrece ELVIRA AGUILAR GONZALEZ.<\/p>\n<h3><strong>10.- Preguntas<\/strong><\/h3>\n<p>Si tienen alguna pregunta sobre esta Pol\u00edtica de Privacidad o el tratamiento de sus datos rogamos que se ponga en contacto con ELVIRA AGUILAR GONZALEZ mediante correo electr\u00f3nico dirigido a la siguiente direcci\u00f3n de correo electr\u00f3nico: info@eagtrans.com<\/p>\n<h3><strong>11.- Aceptaci\u00f3n y Consentimiento.<\/strong><\/h3>\n<p>El Usuario declara haber sido informado de las condiciones sobre protecci\u00f3n de datos personales, aceptando y consintiendo el tratamiento de estos por parte de ELVIRA AGUILAR GONZALEZ, en la forma y para las finalidades indicadas en la presente Pol\u00edtica de Privacidad<\/p>\n<h1><strong>POL\u00cdTICA DE COOKIES (LSSI)<\/strong><\/h1>\n<p>Este sitio web puede utilizar cookies t\u00e9cnicas (<em>peque\u00f1os archivos de informaci\u00f3n que el servidor env\u00eda al ordenador de quien accede a la p\u00e1gina) <\/em>para llevar a cabo determinadas funciones que son consideradas imprescindibles para el\u00a0<strong>correcto funcionamiento y visualizaci\u00f3n del sitio.<\/strong><\/p>\n<p>Las cookies utilizadas tienen, en todo caso, car\u00e1cter temporal, con la \u00fanica finalidad de hacer m\u00e1s eficaz la navegaci\u00f3n, y desaparecen al terminar la sesi\u00f3n del usuario.<\/p>\n<p>&nbsp;<\/p>\n<p>En ning\u00fan caso, estas <strong>cookies<\/strong> proporcionan por s\u00ed mismas datos de car\u00e1cter personal y no se utilizar\u00e1n para la recogida de los mismos.<\/p>\n<p>Mediante el uso de cookies tambi\u00e9n es posible que el servidor donde se encuentra la web reconozca el navegador utilizado por el usuario con la finalidad de que la navegaci\u00f3n sea<\/p>\n<p>m\u00e1s sencilla, permitiendo, por ejemplo, el acceso de los usuarios que se hayan registrado previamente a las \u00e1reas, servicios, promociones o concursos reservados exclusivamente a ellos sin tener que registrarse en cada visita.<\/p>\n<p>Este sitio web no instalar\u00e1 cookies prescindibles sin el consentimiento previo del usuario.<\/p>\n<p>El usuario tiene la posibilidad de configurar su navegador para ser alertado de la recepci\u00f3n de cookies y para impedir su instalaci\u00f3n en su equipo. Por favor, consulte las instrucciones de su navegador para ampliar esta informaci\u00f3n.<\/p>\n[\/vc_column_text][\/vc_column][vc_column column_padding=&#8221;no-extra-padding&#8221; column_padding_tablet=&#8221;inherit&#8221; column_padding_phone=&#8221;inherit&#8221; column_padding_position=&#8221;all&#8221; background_color_opacity=&#8221;1&#8243; background_hover_color_opacity=&#8221;1&#8243; column_shadow=&#8221;none&#8221; column_border_radius=&#8221;none&#8221; column_link_target=&#8221;_self&#8221; gradient_direction=&#8221;left_to_right&#8221; overlay_strength=&#8221;0.3&#8243; width=&#8221;1\/6&#8243; tablet_width_inherit=&#8221;default&#8221; tablet_text_alignment=&#8221;default&#8221; phone_text_alignment=&#8221;default&#8221; column_border_width=&#8221;none&#8221; column_border_style=&#8221;solid&#8221; bg_image_animation=&#8221;none&#8221;][\/vc_column][\/vc_row]","protected":false},"excerpt":{"rendered":"<p>[vc_row type=&#8221;in_container&#8221; full_screen_row_position=&#8221;middle&#8221; column_margin=&#8221;default&#8221; column_direction=&#8221;default&#8221; column_direction_tablet=&#8221;default&#8221; column_direction_phone=&#8221;default&#8221; scene_position=&#8221;center&#8221; text_color=&#8221;dark&#8221; text_align=&#8221;left&#8221; row_border_radius=&#8221;none&#8221; row_border_radius_applies=&#8221;bg&#8221; overlay_strength=&#8221;0.3&#8243; gradient_direction=&#8221;left_to_right&#8221; shape_divider_position=&#8221;bottom&#8221; bg_image_animation=&#8221;none&#8221;][vc_column column_padding=&#8221;no-extra-padding&#8221; column_padding_tablet=&#8221;inherit&#8221; column_padding_phone=&#8221;inherit&#8221; column_padding_position=&#8221;all&#8221; background_color_opacity=&#8221;1&#8243; background_hover_color_opacity=&#8221;1&#8243; column_shadow=&#8221;none&#8221; column_border_radius=&#8221;none&#8221; column_link_target=&#8221;_self&#8221; gradient_direction=&#8221;left_to_right&#8221; overlay_strength=&#8221;0.3&#8243; width=&#8221;1\/6&#8243; tablet_width_inherit=&#8221;default&#8221; tablet_text_alignment=&#8221;default&#8221;&#8230;<\/p>\n","protected":false},"author":1,"featured_media":0,"parent":0,"menu_order":0,"comment_status":"closed","ping_status":"closed","template":"","meta":{"jetpack_post_was_ever_published":false,"footnotes":""},"class_list":["post-3889","page","type-page","status-publish"],"yoast_head":"<!-- This site is optimized with the Yoast SEO plugin v26.4 - https:\/\/yoast.com\/wordpress\/plugins\/seo\/ -->\n<title>Pol\u00edtica de Privacidad y de Cookies - Elvira Aguilar Gonz\u00e1lez - eagtrans.com | Traductora<\/title>\n<meta name=\"robots\" content=\"index, follow, max-snippet:-1, max-image-preview:large, max-video-preview:-1\" \/>\n<link rel=\"canonical\" href=\"https:\/\/eagtrans.com\/es\/politica-de-privacidad\/\" \/>\n<meta property=\"og:locale\" content=\"es_ES\" \/>\n<meta property=\"og:type\" content=\"article\" \/>\n<meta property=\"og:title\" content=\"Pol\u00edtica de Privacidad y de Cookies - Elvira Aguilar Gonz\u00e1lez - eagtrans.com | Traductora\" \/>\n<meta property=\"og:description\" content=\"[vc_row type=&#8221;in_container&#8221; full_screen_row_position=&#8221;middle&#8221; column_margin=&#8221;default&#8221; column_direction=&#8221;default&#8221; column_direction_tablet=&#8221;default&#8221; column_direction_phone=&#8221;default&#8221; scene_position=&#8221;center&#8221; text_color=&#8221;dark&#8221; text_align=&#8221;left&#8221; row_border_radius=&#8221;none&#8221; row_border_radius_applies=&#8221;bg&#8221; overlay_strength=&#8221;0.3&#8243; gradient_direction=&#8221;left_to_right&#8221; shape_divider_position=&#8221;bottom&#8221; bg_image_animation=&#8221;none&#8221;][vc_column column_padding=&#8221;no-extra-padding&#8221; column_padding_tablet=&#8221;inherit&#8221; column_padding_phone=&#8221;inherit&#8221; column_padding_position=&#8221;all&#8221; background_color_opacity=&#8221;1&#8243; background_hover_color_opacity=&#8221;1&#8243; column_shadow=&#8221;none&#8221; column_border_radius=&#8221;none&#8221; column_link_target=&#8221;_self&#8221; gradient_direction=&#8221;left_to_right&#8221; overlay_strength=&#8221;0.3&#8243; width=&#8221;1\/6&#8243; tablet_width_inherit=&#8221;default&#8221; tablet_text_alignment=&#8221;default&#8221;...\" \/>\n<meta property=\"og:url\" content=\"https:\/\/eagtrans.com\/es\/politica-de-privacidad\/\" \/>\n<meta property=\"og:site_name\" content=\"Elvira Aguilar Gonz\u00e1lez - eagtrans.com | Traductora\" \/>\n<meta property=\"article:modified_time\" content=\"2020-05-01T17:01:06+00:00\" \/>\n<meta name=\"twitter:card\" content=\"summary_large_image\" \/>\n<meta name=\"twitter:label1\" content=\"Tiempo de lectura\" \/>\n\t<meta name=\"twitter:data1\" content=\"9 minutos\" \/>\n<script type=\"application\/ld+json\" class=\"yoast-schema-graph\">{\"@context\":\"https:\/\/schema.org\",\"@graph\":[{\"@type\":\"WebPage\",\"@id\":\"https:\/\/eagtrans.com\/es\/politica-de-privacidad\/\",\"url\":\"https:\/\/eagtrans.com\/es\/politica-de-privacidad\/\",\"name\":\"Pol\u00edtica de Privacidad y de Cookies - Elvira Aguilar Gonz\u00e1lez - eagtrans.com | Traductora\",\"isPartOf\":{\"@id\":\"https:\/\/eagtrans.com\/es\/#website\"},\"datePublished\":\"2020-05-01T16:59:56+00:00\",\"dateModified\":\"2020-05-01T17:01:06+00:00\",\"breadcrumb\":{\"@id\":\"https:\/\/eagtrans.com\/es\/politica-de-privacidad\/#breadcrumb\"},\"inLanguage\":\"es\",\"potentialAction\":[{\"@type\":\"ReadAction\",\"target\":[\"https:\/\/eagtrans.com\/es\/politica-de-privacidad\/\"]}]},{\"@type\":\"BreadcrumbList\",\"@id\":\"https:\/\/eagtrans.com\/es\/politica-de-privacidad\/#breadcrumb\",\"itemListElement\":[{\"@type\":\"ListItem\",\"position\":1,\"name\":\"Portada\",\"item\":\"http:\/\/eagtrans.com\/es\/\"},{\"@type\":\"ListItem\",\"position\":2,\"name\":\"Pol\u00edtica de Privacidad y de Cookies\"}]},{\"@type\":\"WebSite\",\"@id\":\"https:\/\/eagtrans.com\/es\/#website\",\"url\":\"https:\/\/eagtrans.com\/es\/\",\"name\":\"Elvira Aguilar Gonz\u00e1lez - eagtrans.com | Traductora\",\"description\":\"Elvira Aguilar Gonz\u00e1lez - eagtrans.com | Traductora\",\"potentialAction\":[{\"@type\":\"SearchAction\",\"target\":{\"@type\":\"EntryPoint\",\"urlTemplate\":\"https:\/\/eagtrans.com\/es\/?s={search_term_string}\"},\"query-input\":{\"@type\":\"PropertyValueSpecification\",\"valueRequired\":true,\"valueName\":\"search_term_string\"}}],\"inLanguage\":\"es\"}]}<\/script>\n<!-- \/ Yoast SEO plugin. -->","yoast_head_json":{"title":"Pol\u00edtica de Privacidad y de Cookies - Elvira Aguilar Gonz\u00e1lez - eagtrans.com | Traductora","robots":{"index":"index","follow":"follow","max-snippet":"max-snippet:-1","max-image-preview":"max-image-preview:large","max-video-preview":"max-video-preview:-1"},"canonical":"https:\/\/eagtrans.com\/es\/politica-de-privacidad\/","og_locale":"es_ES","og_type":"article","og_title":"Pol\u00edtica de Privacidad y de Cookies - Elvira Aguilar Gonz\u00e1lez - eagtrans.com | Traductora","og_description":"[vc_row type=&#8221;in_container&#8221; full_screen_row_position=&#8221;middle&#8221; column_margin=&#8221;default&#8221; column_direction=&#8221;default&#8221; column_direction_tablet=&#8221;default&#8221; column_direction_phone=&#8221;default&#8221; scene_position=&#8221;center&#8221; text_color=&#8221;dark&#8221; text_align=&#8221;left&#8221; row_border_radius=&#8221;none&#8221; row_border_radius_applies=&#8221;bg&#8221; overlay_strength=&#8221;0.3&#8243; gradient_direction=&#8221;left_to_right&#8221; shape_divider_position=&#8221;bottom&#8221; bg_image_animation=&#8221;none&#8221;][vc_column column_padding=&#8221;no-extra-padding&#8221; column_padding_tablet=&#8221;inherit&#8221; column_padding_phone=&#8221;inherit&#8221; column_padding_position=&#8221;all&#8221; background_color_opacity=&#8221;1&#8243; background_hover_color_opacity=&#8221;1&#8243; column_shadow=&#8221;none&#8221; column_border_radius=&#8221;none&#8221; column_link_target=&#8221;_self&#8221; gradient_direction=&#8221;left_to_right&#8221; overlay_strength=&#8221;0.3&#8243; width=&#8221;1\/6&#8243; tablet_width_inherit=&#8221;default&#8221; tablet_text_alignment=&#8221;default&#8221;...","og_url":"https:\/\/eagtrans.com\/es\/politica-de-privacidad\/","og_site_name":"Elvira Aguilar Gonz\u00e1lez - eagtrans.com | Traductora","article_modified_time":"2020-05-01T17:01:06+00:00","twitter_card":"summary_large_image","twitter_misc":{"Tiempo de lectura":"9 minutos"},"schema":{"@context":"https:\/\/schema.org","@graph":[{"@type":"WebPage","@id":"https:\/\/eagtrans.com\/es\/politica-de-privacidad\/","url":"https:\/\/eagtrans.com\/es\/politica-de-privacidad\/","name":"Pol\u00edtica de Privacidad y de Cookies - Elvira Aguilar Gonz\u00e1lez - eagtrans.com | Traductora","isPartOf":{"@id":"https:\/\/eagtrans.com\/es\/#website"},"datePublished":"2020-05-01T16:59:56+00:00","dateModified":"2020-05-01T17:01:06+00:00","breadcrumb":{"@id":"https:\/\/eagtrans.com\/es\/politica-de-privacidad\/#breadcrumb"},"inLanguage":"es","potentialAction":[{"@type":"ReadAction","target":["https:\/\/eagtrans.com\/es\/politica-de-privacidad\/"]}]},{"@type":"BreadcrumbList","@id":"https:\/\/eagtrans.com\/es\/politica-de-privacidad\/#breadcrumb","itemListElement":[{"@type":"ListItem","position":1,"name":"Portada","item":"http:\/\/eagtrans.com\/es\/"},{"@type":"ListItem","position":2,"name":"Pol\u00edtica de Privacidad y de Cookies"}]},{"@type":"WebSite","@id":"https:\/\/eagtrans.com\/es\/#website","url":"https:\/\/eagtrans.com\/es\/","name":"Elvira Aguilar Gonz\u00e1lez - eagtrans.com | Traductora","description":"Elvira Aguilar Gonz\u00e1lez - eagtrans.com | Traductora","potentialAction":[{"@type":"SearchAction","target":{"@type":"EntryPoint","urlTemplate":"https:\/\/eagtrans.com\/es\/?s={search_term_string}"},"query-input":{"@type":"PropertyValueSpecification","valueRequired":true,"valueName":"search_term_string"}}],"inLanguage":"es"}]}},"jetpack_sharing_enabled":true,"jetpack_shortlink":"https:\/\/wp.me\/PaNv5I-10J","_links":{"self":[{"href":"https:\/\/eagtrans.com\/es\/wp-json\/wp\/v2\/pages\/3889","targetHints":{"allow":["GET"]}}],"collection":[{"href":"https:\/\/eagtrans.com\/es\/wp-json\/wp\/v2\/pages"}],"about":[{"href":"https:\/\/eagtrans.com\/es\/wp-json\/wp\/v2\/types\/page"}],"author":[{"embeddable":true,"href":"https:\/\/eagtrans.com\/es\/wp-json\/wp\/v2\/users\/1"}],"replies":[{"embeddable":true,"href":"https:\/\/eagtrans.com\/es\/wp-json\/wp\/v2\/comments?post=3889"}],"version-history":[{"count":3,"href":"https:\/\/eagtrans.com\/es\/wp-json\/wp\/v2\/pages\/3889\/revisions"}],"predecessor-version":[{"id":3892,"href":"https:\/\/eagtrans.com\/es\/wp-json\/wp\/v2\/pages\/3889\/revisions\/3892"}],"wp:attachment":[{"href":"https:\/\/eagtrans.com\/es\/wp-json\/wp\/v2\/media?parent=3889"}],"curies":[{"name":"wp","href":"https:\/\/api.w.org\/{rel}","templated":true}]}}