{"id":3216,"date":"2017-10-13T12:13:35","date_gmt":"2017-10-13T12:13:35","guid":{"rendered":"https:\/\/eagtrans.com\/\/?page_id=3216"},"modified":"2018-02-17T11:23:51","modified_gmt":"2018-02-17T10:23:51","slug":"services","status":"publish","type":"page","link":"https:\/\/eagtrans.com\/es\/servicios\/","title":{"rendered":"Servicios"},"content":{"rendered":"[vc_row type=&#8221;full_width_background&#8221; full_screen_row_position=&#8221;middle&#8221; bg_image=&#8221;3332&#8243; bg_position=&#8221;left top&#8221; bg_repeat=&#8221;no-repeat&#8221; scene_position=&#8221;center&#8221; text_color=&#8221;light&#8221; text_align=&#8221;center&#8221; top_padding=&#8221;12%&#8221; bottom_padding=&#8221;12%&#8221; overlay_strength=&#8221;0.3&#8243; shape_divider_position=&#8221;bottom&#8221; shape_type=&#8221;&#8221;][vc_column enable_animation=&#8221;true&#8221; animation=&#8221;flip-in&#8221; column_padding=&#8221;no-extra-padding&#8221; column_padding_position=&#8221;all&#8221; background_color_opacity=&#8221;1&#8243; background_hover_color_opacity=&#8221;1&#8243; column_shadow=&#8221;none&#8221; column_border_radius=&#8221;none&#8221; width=&#8221;1\/1&#8243; tablet_text_alignment=&#8221;default&#8221; phone_text_alignment=&#8221;default&#8221; column_border_width=&#8221;none&#8221; column_border_style=&#8221;solid&#8221;][vc_column_text]\n<h1><\/h1>\n<h1 style=\"text-align: left;\">SERVICIOS<\/h1>\n[\/vc_column_text][\/vc_column][\/vc_row][vc_row type=&#8221;in_container&#8221; full_screen_row_position=&#8221;middle&#8221; scene_position=&#8221;center&#8221; text_color=&#8221;dark&#8221; text_align=&#8221;left&#8221; overlay_strength=&#8221;0.3&#8243; shape_divider_position=&#8221;bottom&#8221;][vc_column column_padding=&#8221;no-extra-padding&#8221; column_padding_position=&#8221;all&#8221; background_color_opacity=&#8221;1&#8243; background_hover_color_opacity=&#8221;1&#8243; column_shadow=&#8221;none&#8221; column_border_radius=&#8221;none&#8221; width=&#8221;1\/4&#8243; tablet_text_alignment=&#8221;default&#8221; phone_text_alignment=&#8221;default&#8221; column_border_width=&#8221;none&#8221; column_border_style=&#8221;solid&#8221;][\/vc_column][vc_column column_padding=&#8221;no-extra-padding&#8221; column_padding_position=&#8221;all&#8221; background_color_opacity=&#8221;1&#8243; background_hover_color_opacity=&#8221;1&#8243; column_shadow=&#8221;none&#8221; column_border_radius=&#8221;none&#8221; width=&#8221;1\/2&#8243; tablet_text_alignment=&#8221;default&#8221; phone_text_alignment=&#8221;default&#8221; column_border_width=&#8221;none&#8221; column_border_style=&#8221;solid&#8221;][divider line_type=&#8221;No Line&#8221; custom_height=&#8221;20&#8243;][vc_column_text css_animation=&#8221;fadeInLeft&#8221; css=&#8221;.vc_custom_1514372329501{padding-bottom: 30px !important;}&#8221;]\n<h2><i class=\"icon-3x fa fa-book accent-color\"><i class=\"circle-border\"><\/i><\/i> <b>Traducci\u00f3n<\/b><\/h2>\n<ul>\n<li><b>Traducci\u00f3n de textos generales<\/b><span style=\"font-weight: 400;\">: libros, p\u00e1ginas web, art\u00edculos o cualquier tipo de texto en formato electr\u00f3nico o en papel con car\u00e1cter divulgativo.<\/span><\/li>\n<li><b>Traducci\u00f3n de textos del \u00e1mbito m\u00e9dico-sanitario<\/b><span style=\"font-weight: 400;\">: art\u00edculos cient\u00edficos, material profesional, documentos de consentimiento informado, fichas t\u00e9cnicas, folletos y gu\u00edas de informaci\u00f3n para pacientes, prospectos y manuales de formaci\u00f3n, entre otros.<\/span><\/li>\n<li><b>Traducci\u00f3n de textos de turismo y ocio<\/b><span style=\"font-weight: 400;\">: folletos, tr\u00edpticos, p\u00e1ginas web, posters y libros.<\/span><\/li>\n<li><b>Traducci\u00f3n de textos de gesti\u00f3n y administraci\u00f3n de empresas<\/b><span style=\"font-weight: 400;\">: presentaciones para procesos de incorporaci\u00f3n (<\/span><i><span style=\"font-weight: 400;\">onboarding<\/span><\/i><span style=\"font-weight: 400;\">) de nuevos empleados, cartas dirigidas a clientes, formularios de solicitud de informaci\u00f3n de los empleados.<\/span><\/li>\n<li style=\"list-style-type: none;\"><\/li>\n<\/ul>\n[\/vc_column_text][\/vc_column][vc_column column_padding=&#8221;no-extra-padding&#8221; column_padding_position=&#8221;all&#8221; background_color_opacity=&#8221;1&#8243; background_hover_color_opacity=&#8221;1&#8243; column_shadow=&#8221;none&#8221; column_border_radius=&#8221;none&#8221; width=&#8221;1\/4&#8243; tablet_text_alignment=&#8221;default&#8221; phone_text_alignment=&#8221;default&#8221; column_border_width=&#8221;none&#8221; column_border_style=&#8221;solid&#8221;][\/vc_column][\/vc_row][vc_row type=&#8221;in_container&#8221; full_screen_row_position=&#8221;middle&#8221; scene_position=&#8221;center&#8221; text_color=&#8221;dark&#8221; text_align=&#8221;left&#8221; overlay_strength=&#8221;0.3&#8243; shape_divider_position=&#8221;bottom&#8221;][vc_column column_padding=&#8221;no-extra-padding&#8221; column_padding_position=&#8221;all&#8221; background_color_opacity=&#8221;1&#8243; background_hover_color_opacity=&#8221;1&#8243; column_shadow=&#8221;none&#8221; column_border_radius=&#8221;none&#8221; width=&#8221;1\/4&#8243; tablet_text_alignment=&#8221;default&#8221; phone_text_alignment=&#8221;default&#8221; column_border_width=&#8221;none&#8221; column_border_style=&#8221;solid&#8221;][\/vc_column][vc_column column_padding=&#8221;no-extra-padding&#8221; column_padding_position=&#8221;all&#8221; background_color_opacity=&#8221;1&#8243; background_hover_color_opacity=&#8221;1&#8243; column_shadow=&#8221;none&#8221; column_border_radius=&#8221;none&#8221; width=&#8221;1\/2&#8243; tablet_text_alignment=&#8221;default&#8221; phone_text_alignment=&#8221;default&#8221; column_border_width=&#8221;none&#8221; column_border_style=&#8221;solid&#8221;][divider line_type=&#8221;No Line&#8221; custom_height=&#8221;20&#8243;][vc_column_text css_animation=&#8221;fadeInRight&#8221; css=&#8221;.vc_custom_1514372378247{padding-bottom: 30px !important;}&#8221;]\n<h2 style=\"text-align: left;\"><i class=\"icon-3x steadysets-icon-microphone accent-color\"><i class=\"circle-border\"><\/i><\/i> <b>Interpretaci\u00f3n<\/b><\/h2>\n<ul>\n<li style=\"list-style-type: none;\">\n<ul>\n<li style=\"font-weight: 400;\"><b>Interpretaci\u00f3n bilateral<\/b><span style=\"font-weight: 400;\">: interpretaci\u00f3n de enlace en congresos, conferencias o charlas dentro del \u00e1mbito del comercio exterior (compra-venta de productos o bienes, oferta y presentaci\u00f3n de servicios al exterior, etc.).<\/span><\/li>\n<\/ul>\n<\/li>\n<\/ul>\n[\/vc_column_text][\/vc_column][vc_column column_padding=&#8221;no-extra-padding&#8221; column_padding_position=&#8221;all&#8221; background_color_opacity=&#8221;1&#8243; background_hover_color_opacity=&#8221;1&#8243; column_shadow=&#8221;none&#8221; column_border_radius=&#8221;none&#8221; width=&#8221;1\/4&#8243; tablet_text_alignment=&#8221;default&#8221; phone_text_alignment=&#8221;default&#8221; column_border_width=&#8221;none&#8221; column_border_style=&#8221;solid&#8221;][\/vc_column][\/vc_row][vc_row type=&#8221;in_container&#8221; full_screen_row_position=&#8221;middle&#8221; scene_position=&#8221;center&#8221; text_color=&#8221;dark&#8221; text_align=&#8221;left&#8221; overlay_strength=&#8221;0.3&#8243; shape_divider_position=&#8221;bottom&#8221;][vc_column column_padding=&#8221;no-extra-padding&#8221; column_padding_position=&#8221;all&#8221; background_color_opacity=&#8221;1&#8243; background_hover_color_opacity=&#8221;1&#8243; column_shadow=&#8221;none&#8221; column_border_radius=&#8221;none&#8221; width=&#8221;1\/4&#8243; tablet_text_alignment=&#8221;default&#8221; phone_text_alignment=&#8221;default&#8221; column_border_width=&#8221;none&#8221; column_border_style=&#8221;solid&#8221;][\/vc_column][vc_column column_padding=&#8221;no-extra-padding&#8221; column_padding_position=&#8221;all&#8221; background_color_opacity=&#8221;1&#8243; background_hover_color_opacity=&#8221;1&#8243; column_shadow=&#8221;none&#8221; column_border_radius=&#8221;none&#8221; width=&#8221;1\/2&#8243; tablet_text_alignment=&#8221;default&#8221; phone_text_alignment=&#8221;default&#8221; column_border_width=&#8221;none&#8221; column_border_style=&#8221;solid&#8221;][divider line_type=&#8221;No Line&#8221; custom_height=&#8221;20&#8243;][vc_column_text css_animation=&#8221;fadeInLeft&#8221; css=&#8221;.vc_custom_1514373410137{padding-bottom: 30px !important;}&#8221;]\n<h2 style=\"text-align: left;\"><i class=\"icon-3x fa fa-pencil accent-color\"><i class=\"circle-border\"><\/i><\/i> <b>Correcci\u00f3n y edici\u00f3n de textos en espa\u00f1ol<\/b><\/h2>\n<ul>\n<li><b>Correcci\u00f3n<\/b><span style=\"font-weight: 400;\">: correcci\u00f3n ortogr\u00e1fica (errores ortogr\u00e1ficos y de puntuaci\u00f3n, ajuste de la ortograf\u00eda a las normas de la RAE, aplicaci\u00f3n de distintos recursos tipogr\u00e1ficos (cursivas, comillas o negrita), revisi\u00f3n de interlineado y de formato) y correcci\u00f3n de estilo (detecci\u00f3n de errores e imprecisiones de vocabulario y su consecuente eliminaci\u00f3n, aumentar la riqueza l\u00e9xica y eliminar muletillas y vicios l\u00e9xicos, correcci\u00f3n de errores gramaticales y ajuste a las normas y usos establecidos, correcci\u00f3n de inconsistencias sint\u00e1cticas (mayor fluidez y adecuaci\u00f3n), elaboraci\u00f3n del \u00edndice&#8230;)<\/span><\/li>\n<li><b>Edici\u00f3n<\/b><span style=\"font-weight: 400;\">: redacci\u00f3n de cartas (formales e informales), redacci\u00f3n de noticias period\u00edsticas y de art\u00edculos de blogs, redacci\u00f3n de relatos, redacci\u00f3n publicitaria&#8230; sin olvidar el estilo y la intencionalidad de cada tipo de texto.<\/span><\/li>\n<li style=\"list-style-type: none;\"><\/li>\n<\/ul>\n[\/vc_column_text][\/vc_column][vc_column column_padding=&#8221;no-extra-padding&#8221; column_padding_position=&#8221;all&#8221; background_color_opacity=&#8221;1&#8243; background_hover_color_opacity=&#8221;1&#8243; column_shadow=&#8221;none&#8221; column_border_radius=&#8221;none&#8221; width=&#8221;1\/4&#8243; tablet_text_alignment=&#8221;default&#8221; phone_text_alignment=&#8221;default&#8221; column_border_width=&#8221;none&#8221; column_border_style=&#8221;solid&#8221;][\/vc_column][\/vc_row][vc_row type=&#8221;in_container&#8221; full_screen_row_position=&#8221;middle&#8221; scene_position=&#8221;center&#8221; text_color=&#8221;dark&#8221; text_align=&#8221;left&#8221; overlay_strength=&#8221;0.3&#8243; shape_divider_position=&#8221;bottom&#8221;][vc_column column_padding=&#8221;no-extra-padding&#8221; column_padding_position=&#8221;all&#8221; background_color_opacity=&#8221;1&#8243; background_hover_color_opacity=&#8221;1&#8243; column_shadow=&#8221;none&#8221; column_border_radius=&#8221;none&#8221; width=&#8221;1\/4&#8243; tablet_text_alignment=&#8221;default&#8221; phone_text_alignment=&#8221;default&#8221; column_border_width=&#8221;none&#8221; column_border_style=&#8221;solid&#8221;][\/vc_column][vc_column column_padding=&#8221;no-extra-padding&#8221; column_padding_position=&#8221;all&#8221; background_color_opacity=&#8221;1&#8243; background_hover_color_opacity=&#8221;1&#8243; column_shadow=&#8221;none&#8221; column_border_radius=&#8221;none&#8221; width=&#8221;1\/2&#8243; tablet_text_alignment=&#8221;default&#8221; phone_text_alignment=&#8221;default&#8221; column_border_width=&#8221;none&#8221; column_border_style=&#8221;solid&#8221;][divider line_type=&#8221;No Line&#8221; custom_height=&#8221;20&#8243;][vc_column_text css_animation=&#8221;fadeInRight&#8221; css=&#8221;.vc_custom_1514373436227{padding-bottom: 30px !important;}&#8221;]\n<h2 style=\"text-align: left;\"><i class=\"icon-3x steadysets-icon-clipboard accent-color\"><i class=\"circle-border\"><\/i><\/i> <b>Revisi\u00f3n de textos en espa\u00f1ol<\/b><\/h2>\n<p><span style=\"font-weight: 400;\">Por lo general, los servicios de traducci\u00f3n suelen incluir la revisi\u00f3n del proyecto, pero, en determinadas ocasiones, es preciso recurrir a una revisi\u00f3n externa por otro traductor (norma de calidad EN-15038) . De hecho, son muchas las empresas que recurren a una revisi\u00f3n como tal, en la \u00a0\u00a0traducci\u00f3n incluir\u00e1 la revisi\u00f3n de otro traductor distinto al que hizo la traducci\u00f3n. \u00bfA qu\u00e9 se debe?<\/span><\/p>\n<ul>\n<li style=\"font-weight: 400;\"><span style=\"font-weight: 400;\">Control de calidad<\/span><\/li>\n<li style=\"font-weight: 400;\"><span style=\"font-weight: 400;\">Cuatro ojos ven m\u00e1s que dos<\/span><\/li>\n<\/ul>\n<p><span style=\"font-weight: 400;\">Si necesita este tipo de revisi\u00f3n, podr\u00e1 encontrarla aqu\u00ed.<\/span>[\/vc_column_text][\/vc_column][vc_column column_padding=&#8221;no-extra-padding&#8221; column_padding_position=&#8221;all&#8221; background_color_opacity=&#8221;1&#8243; background_hover_color_opacity=&#8221;1&#8243; column_shadow=&#8221;none&#8221; column_border_radius=&#8221;none&#8221; width=&#8221;1\/4&#8243; tablet_text_alignment=&#8221;default&#8221; phone_text_alignment=&#8221;default&#8221; column_border_width=&#8221;none&#8221; column_border_style=&#8221;solid&#8221;][\/vc_column][\/vc_row][vc_row type=&#8221;in_container&#8221; full_screen_row_position=&#8221;middle&#8221; scene_position=&#8221;center&#8221; text_color=&#8221;dark&#8221; text_align=&#8221;left&#8221; overlay_strength=&#8221;0.3&#8243; shape_divider_position=&#8221;bottom&#8221;][vc_column column_padding=&#8221;no-extra-padding&#8221; column_padding_position=&#8221;all&#8221; background_color_opacity=&#8221;1&#8243; background_hover_color_opacity=&#8221;1&#8243; column_shadow=&#8221;none&#8221; column_border_radius=&#8221;none&#8221; width=&#8221;1\/1&#8243; tablet_text_alignment=&#8221;default&#8221; phone_text_alignment=&#8221;default&#8221; column_border_width=&#8221;none&#8221; column_border_style=&#8221;solid&#8221;][divider line_type=&#8221;No Line&#8221; custom_height=&#8221;20&#8243;][image_with_animation image_url=&#8221;3582&#8243; alignment=&#8221;center&#8221; animation=&#8221;Grow In&#8221; border_radius=&#8221;none&#8221; box_shadow=&#8221;none&#8221; max_width=&#8221;100%&#8221;][divider line_type=&#8221;No Line&#8221; custom_height=&#8221;30&#8243;][divider line_type=&#8221;Full Width Line&#8221; line_thickness=&#8221;1&#8243; divider_color=&#8221;default&#8221; custom_height=&#8221;20&#8243;][vc_column_text css=&#8221;.vc_custom_1514373466974{margin-top: 20px !important;padding-bottom: 30px !important;}&#8221;]\n<h2 style=\"text-align: center;\"><b>METODOLOG\u00cdA<\/b><\/h2>\n[\/vc_column_text][divider line_type=&#8221;No Line&#8221; custom_height=&#8221;40&#8243;][image_with_animation image_url=&#8221;3456&#8243; alignment=&#8221;center&#8221; animation=&#8221;flip-in-vertical&#8221; border_radius=&#8221;none&#8221; box_shadow=&#8221;none&#8221; max_width=&#8221;100%&#8221;][\/vc_column][\/vc_row][vc_row type=&#8221;full_width_background&#8221; full_screen_row_position=&#8221;middle&#8221; scene_position=&#8221;center&#8221; text_color=&#8221;dark&#8221; text_align=&#8221;left&#8221; top_padding=&#8221;50&#8243; bottom_padding=&#8221;30&#8243; overlay_strength=&#8221;0.3&#8243; shape_divider_position=&#8221;bottom&#8221;][vc_column column_padding=&#8221;no-extra-padding&#8221; column_padding_position=&#8221;all&#8221; background_color_opacity=&#8221;1&#8243; background_hover_color_opacity=&#8221;1&#8243; column_shadow=&#8221;none&#8221; column_border_radius=&#8221;none&#8221; width=&#8221;1\/1&#8243; tablet_text_alignment=&#8221;default&#8221; phone_text_alignment=&#8221;default&#8221; column_border_width=&#8221;none&#8221; column_border_style=&#8221;solid&#8221;][divider line_type=&#8221;Full Width Line&#8221; line_thickness=&#8221;1&#8243; divider_color=&#8221;default&#8221;][\/vc_column][\/vc_row][vc_row type=&#8221;in_container&#8221; full_screen_row_position=&#8221;middle&#8221; scene_position=&#8221;center&#8221; text_color=&#8221;dark&#8221; text_align=&#8221;center&#8221; overlay_strength=&#8221;0.3&#8243; shape_divider_position=&#8221;bottom&#8221;][vc_column column_padding=&#8221;no-extra-padding&#8221; column_padding_position=&#8221;all&#8221; background_color_opacity=&#8221;1&#8243; background_hover_color_opacity=&#8221;1&#8243; column_shadow=&#8221;none&#8221; column_border_radius=&#8221;none&#8221; width=&#8221;1\/1&#8243; tablet_text_alignment=&#8221;default&#8221; phone_text_alignment=&#8221;default&#8221; column_border_width=&#8221;none&#8221; column_border_style=&#8221;solid&#8221;][vc_column_text css=&#8221;.vc_custom_1518862578368{padding-bottom: 30px !important;}&#8221;]\n<h2 style=\"text-align: center;\"><span style=\"font-weight: 400;\">Si desea un \u00a0<a href=\"https:\/\/eagtrans.com\/es\/contacto\/\">presupuesto<\/a> de cualquiera de\u00a0estos servicios sin ning\u00fan compromiso, haga clic en el siguiente bot\u00f3n.<\/span><\/h2>\n[\/vc_column_text][nectar_btn size=&#8221;large&#8221; button_style=&#8221;regular&#8221; button_color_2=&#8221;Accent-Color&#8221; color_override=&#8221;#901f1d&#8221; icon_family=&#8221;iconsmind&#8221; text=&#8221;PRESUPUESTO&#8221; icon_iconsmind=&#8221;iconsmind-Triangle-ArrowRight&#8221; margin_top=&#8221;30&#8243; url=&#8221;https:\/\/eagtrans.com\/es\/contacto\/&#8221;][divider line_type=&#8221;No Line&#8221; custom_height=&#8221;20&#8243;][\/vc_column][\/vc_row]","protected":false},"excerpt":{"rendered":"<p>[vc_row type=&#8221;full_width_background&#8221; full_screen_row_position=&#8221;middle&#8221; bg_image=&#8221;3332&#8243; bg_position=&#8221;left top&#8221; bg_repeat=&#8221;no-repeat&#8221; scene_position=&#8221;center&#8221; text_color=&#8221;light&#8221; text_align=&#8221;center&#8221; top_padding=&#8221;12%&#8221; bottom_padding=&#8221;12%&#8221; overlay_strength=&#8221;0.3&#8243; shape_divider_position=&#8221;bottom&#8221; shape_type=&#8221;&#8221;][vc_column enable_animation=&#8221;true&#8221; animation=&#8221;flip-in&#8221; column_padding=&#8221;no-extra-padding&#8221; column_padding_position=&#8221;all&#8221; background_color_opacity=&#8221;1&#8243; background_hover_color_opacity=&#8221;1&#8243; column_shadow=&#8221;none&#8221; column_border_radius=&#8221;none&#8221; width=&#8221;1\/1&#8243; tablet_text_alignment=&#8221;default&#8221; phone_text_alignment=&#8221;default&#8221; column_border_width=&#8221;none&#8221; column_border_style=&#8221;solid&#8221;][vc_column_text] SERVICIOS [\/vc_column_text][\/vc_column][\/vc_row][vc_row&#8230;<\/p>\n","protected":false},"author":1,"featured_media":0,"parent":0,"menu_order":0,"comment_status":"closed","ping_status":"closed","template":"","meta":{"jetpack_post_was_ever_published":false,"footnotes":""},"class_list":["post-3216","page","type-page","status-publish"],"yoast_head":"<!-- This site is optimized with the Yoast SEO plugin v26.4 - https:\/\/yoast.com\/wordpress\/plugins\/seo\/ -->\n<title>Servicios | Elvira Aguilar Gonz\u00e1lez - eagtrans.com | Traductora<\/title>\n<meta name=\"robots\" content=\"index, follow, max-snippet:-1, max-image-preview:large, max-video-preview:-1\" \/>\n<link rel=\"canonical\" href=\"https:\/\/eagtrans.com\/es\/servicios\/\" \/>\n<meta property=\"og:locale\" content=\"es_ES\" \/>\n<meta property=\"og:type\" content=\"article\" \/>\n<meta property=\"og:title\" content=\"Servicios | Elvira Aguilar Gonz\u00e1lez - eagtrans.com | Traductora\" \/>\n<meta property=\"og:description\" content=\"[vc_row type=&#8221;full_width_background&#8221; full_screen_row_position=&#8221;middle&#8221; bg_image=&#8221;3332&#8243; bg_position=&#8221;left top&#8221; bg_repeat=&#8221;no-repeat&#8221; scene_position=&#8221;center&#8221; text_color=&#8221;light&#8221; text_align=&#8221;center&#8221; top_padding=&#8221;12%&#8221; bottom_padding=&#8221;12%&#8221; overlay_strength=&#8221;0.3&#8243; shape_divider_position=&#8221;bottom&#8221; shape_type=&#8221;&#8221;][vc_column enable_animation=&#8221;true&#8221; animation=&#8221;flip-in&#8221; column_padding=&#8221;no-extra-padding&#8221; column_padding_position=&#8221;all&#8221; background_color_opacity=&#8221;1&#8243; background_hover_color_opacity=&#8221;1&#8243; column_shadow=&#8221;none&#8221; column_border_radius=&#8221;none&#8221; width=&#8221;1\/1&#8243; tablet_text_alignment=&#8221;default&#8221; phone_text_alignment=&#8221;default&#8221; column_border_width=&#8221;none&#8221; column_border_style=&#8221;solid&#8221;][vc_column_text] SERVICIOS [\/vc_column_text][\/vc_column][\/vc_row][vc_row...\" \/>\n<meta property=\"og:url\" content=\"https:\/\/eagtrans.com\/es\/servicios\/\" \/>\n<meta property=\"og:site_name\" content=\"Elvira Aguilar Gonz\u00e1lez - eagtrans.com | Traductora\" \/>\n<meta property=\"article:modified_time\" content=\"2018-02-17T10:23:51+00:00\" \/>\n<meta name=\"twitter:card\" content=\"summary_large_image\" \/>\n<meta name=\"twitter:label1\" content=\"Tiempo de lectura\" \/>\n\t<meta name=\"twitter:data1\" content=\"22 minutos\" \/>\n<script type=\"application\/ld+json\" class=\"yoast-schema-graph\">{\"@context\":\"https:\/\/schema.org\",\"@graph\":[{\"@type\":\"WebPage\",\"@id\":\"https:\/\/eagtrans.com\/es\/servicios\/\",\"url\":\"https:\/\/eagtrans.com\/es\/servicios\/\",\"name\":\"Servicios | Elvira Aguilar Gonz\u00e1lez - eagtrans.com | Traductora\",\"isPartOf\":{\"@id\":\"https:\/\/eagtrans.com\/es\/#website\"},\"datePublished\":\"2017-10-13T12:13:35+00:00\",\"dateModified\":\"2018-02-17T10:23:51+00:00\",\"breadcrumb\":{\"@id\":\"https:\/\/eagtrans.com\/es\/servicios\/#breadcrumb\"},\"inLanguage\":\"es\",\"potentialAction\":[{\"@type\":\"ReadAction\",\"target\":[\"https:\/\/eagtrans.com\/es\/servicios\/\"]}]},{\"@type\":\"BreadcrumbList\",\"@id\":\"https:\/\/eagtrans.com\/es\/servicios\/#breadcrumb\",\"itemListElement\":[{\"@type\":\"ListItem\",\"position\":1,\"name\":\"Portada\",\"item\":\"http:\/\/eagtrans.com\/es\/\"},{\"@type\":\"ListItem\",\"position\":2,\"name\":\"Servicios\"}]},{\"@type\":\"WebSite\",\"@id\":\"https:\/\/eagtrans.com\/es\/#website\",\"url\":\"https:\/\/eagtrans.com\/es\/\",\"name\":\"Elvira Aguilar Gonz\u00e1lez - eagtrans.com | Traductora\",\"description\":\"Elvira Aguilar Gonz\u00e1lez - eagtrans.com | Traductora\",\"potentialAction\":[{\"@type\":\"SearchAction\",\"target\":{\"@type\":\"EntryPoint\",\"urlTemplate\":\"https:\/\/eagtrans.com\/es\/?s={search_term_string}\"},\"query-input\":{\"@type\":\"PropertyValueSpecification\",\"valueRequired\":true,\"valueName\":\"search_term_string\"}}],\"inLanguage\":\"es\"}]}<\/script>\n<!-- \/ Yoast SEO plugin. -->","yoast_head_json":{"title":"Servicios | Elvira Aguilar Gonz\u00e1lez - eagtrans.com | Traductora","robots":{"index":"index","follow":"follow","max-snippet":"max-snippet:-1","max-image-preview":"max-image-preview:large","max-video-preview":"max-video-preview:-1"},"canonical":"https:\/\/eagtrans.com\/es\/servicios\/","og_locale":"es_ES","og_type":"article","og_title":"Servicios | Elvira Aguilar Gonz\u00e1lez - eagtrans.com | Traductora","og_description":"[vc_row type=&#8221;full_width_background&#8221; full_screen_row_position=&#8221;middle&#8221; bg_image=&#8221;3332&#8243; bg_position=&#8221;left top&#8221; bg_repeat=&#8221;no-repeat&#8221; scene_position=&#8221;center&#8221; text_color=&#8221;light&#8221; text_align=&#8221;center&#8221; top_padding=&#8221;12%&#8221; bottom_padding=&#8221;12%&#8221; overlay_strength=&#8221;0.3&#8243; shape_divider_position=&#8221;bottom&#8221; shape_type=&#8221;&#8221;][vc_column enable_animation=&#8221;true&#8221; animation=&#8221;flip-in&#8221; column_padding=&#8221;no-extra-padding&#8221; column_padding_position=&#8221;all&#8221; background_color_opacity=&#8221;1&#8243; background_hover_color_opacity=&#8221;1&#8243; column_shadow=&#8221;none&#8221; column_border_radius=&#8221;none&#8221; width=&#8221;1\/1&#8243; tablet_text_alignment=&#8221;default&#8221; phone_text_alignment=&#8221;default&#8221; column_border_width=&#8221;none&#8221; column_border_style=&#8221;solid&#8221;][vc_column_text] SERVICIOS [\/vc_column_text][\/vc_column][\/vc_row][vc_row...","og_url":"https:\/\/eagtrans.com\/es\/servicios\/","og_site_name":"Elvira Aguilar Gonz\u00e1lez - eagtrans.com | Traductora","article_modified_time":"2018-02-17T10:23:51+00:00","twitter_card":"summary_large_image","twitter_misc":{"Tiempo de lectura":"22 minutos"},"schema":{"@context":"https:\/\/schema.org","@graph":[{"@type":"WebPage","@id":"https:\/\/eagtrans.com\/es\/servicios\/","url":"https:\/\/eagtrans.com\/es\/servicios\/","name":"Servicios | Elvira Aguilar Gonz\u00e1lez - eagtrans.com | Traductora","isPartOf":{"@id":"https:\/\/eagtrans.com\/es\/#website"},"datePublished":"2017-10-13T12:13:35+00:00","dateModified":"2018-02-17T10:23:51+00:00","breadcrumb":{"@id":"https:\/\/eagtrans.com\/es\/servicios\/#breadcrumb"},"inLanguage":"es","potentialAction":[{"@type":"ReadAction","target":["https:\/\/eagtrans.com\/es\/servicios\/"]}]},{"@type":"BreadcrumbList","@id":"https:\/\/eagtrans.com\/es\/servicios\/#breadcrumb","itemListElement":[{"@type":"ListItem","position":1,"name":"Portada","item":"http:\/\/eagtrans.com\/es\/"},{"@type":"ListItem","position":2,"name":"Servicios"}]},{"@type":"WebSite","@id":"https:\/\/eagtrans.com\/es\/#website","url":"https:\/\/eagtrans.com\/es\/","name":"Elvira Aguilar Gonz\u00e1lez - eagtrans.com | Traductora","description":"Elvira Aguilar Gonz\u00e1lez - eagtrans.com | Traductora","potentialAction":[{"@type":"SearchAction","target":{"@type":"EntryPoint","urlTemplate":"https:\/\/eagtrans.com\/es\/?s={search_term_string}"},"query-input":{"@type":"PropertyValueSpecification","valueRequired":true,"valueName":"search_term_string"}}],"inLanguage":"es"}]}},"jetpack_sharing_enabled":true,"jetpack_shortlink":"https:\/\/wp.me\/PaNv5I-PS","_links":{"self":[{"href":"https:\/\/eagtrans.com\/es\/wp-json\/wp\/v2\/pages\/3216","targetHints":{"allow":["GET"]}}],"collection":[{"href":"https:\/\/eagtrans.com\/es\/wp-json\/wp\/v2\/pages"}],"about":[{"href":"https:\/\/eagtrans.com\/es\/wp-json\/wp\/v2\/types\/page"}],"author":[{"embeddable":true,"href":"https:\/\/eagtrans.com\/es\/wp-json\/wp\/v2\/users\/1"}],"replies":[{"embeddable":true,"href":"https:\/\/eagtrans.com\/es\/wp-json\/wp\/v2\/comments?post=3216"}],"version-history":[{"count":70,"href":"https:\/\/eagtrans.com\/es\/wp-json\/wp\/v2\/pages\/3216\/revisions"}],"predecessor-version":[{"id":3790,"href":"https:\/\/eagtrans.com\/es\/wp-json\/wp\/v2\/pages\/3216\/revisions\/3790"}],"wp:attachment":[{"href":"https:\/\/eagtrans.com\/es\/wp-json\/wp\/v2\/media?parent=3216"}],"curies":[{"name":"wp","href":"https:\/\/api.w.org\/{rel}","templated":true}]}}