{"id":2,"date":"2017-07-26T11:15:40","date_gmt":"2017-07-26T11:15:40","guid":{"rendered":"https:\/\/eagtrans.com\/\/?page_id=2"},"modified":"2018-02-17T11:22:49","modified_gmt":"2018-02-17T10:22:49","slug":"clients","status":"publish","type":"page","link":"https:\/\/eagtrans.com\/es\/clientes\/","title":{"rendered":"ClientsClients"},"content":{"rendered":"[vc_row type=&#8221;full_width_background&#8221; full_screen_row_position=&#8221;middle&#8221; bg_image=&#8221;3270&#8243; bg_position=&#8221;left top&#8221; bg_repeat=&#8221;no-repeat&#8221; scene_position=&#8221;center&#8221; text_color=&#8221;light&#8221; text_align=&#8221;center&#8221; top_padding=&#8221;12%&#8221; bottom_padding=&#8221;12%&#8221; overlay_strength=&#8221;0.3&#8243; shape_divider_position=&#8221;bottom&#8221; shape_type=&#8221;&#8221;][vc_column enable_animation=&#8221;true&#8221; animation=&#8221;flip-in&#8221; column_padding=&#8221;no-extra-padding&#8221; column_padding_position=&#8221;all&#8221; background_color_opacity=&#8221;1&#8243; background_hover_color_opacity=&#8221;1&#8243; column_shadow=&#8221;none&#8221; column_border_radius=&#8221;none&#8221; width=&#8221;1\/1&#8243; tablet_text_alignment=&#8221;default&#8221; phone_text_alignment=&#8221;default&#8221; column_border_width=&#8221;none&#8221; column_border_style=&#8221;solid&#8221;][vc_column_text]\n<h1><\/h1>\n<h1 style=\"text-align: left;\">CLIENTES<\/h1>\n[\/vc_column_text][\/vc_column][\/vc_row][vc_row type=&#8221;in_container&#8221; full_screen_row_position=&#8221;middle&#8221; scene_position=&#8221;center&#8221; text_color=&#8221;dark&#8221; text_align=&#8221;left&#8221; overlay_strength=&#8221;0.3&#8243; shape_divider_position=&#8221;bottom&#8221;][vc_column column_padding=&#8221;no-extra-padding&#8221; column_padding_position=&#8221;all&#8221; background_color_opacity=&#8221;1&#8243; background_hover_color_opacity=&#8221;1&#8243; column_shadow=&#8221;none&#8221; column_border_radius=&#8221;none&#8221; width=&#8221;1\/1&#8243; tablet_text_alignment=&#8221;default&#8221; phone_text_alignment=&#8221;default&#8221; column_border_width=&#8221;none&#8221; column_border_style=&#8221;solid&#8221;][divider line_type=&#8221;No Line&#8221; custom_height=&#8221;20&#8243;][\/vc_column][\/vc_row][vc_row type=&#8221;in_container&#8221; full_screen_row_position=&#8221;middle&#8221; scene_position=&#8221;center&#8221; text_color=&#8221;dark&#8221; text_align=&#8221;left&#8221; overlay_strength=&#8221;0.3&#8243; shape_divider_position=&#8221;bottom&#8221;][vc_column column_padding=&#8221;no-extra-padding&#8221; column_padding_position=&#8221;all&#8221; background_color_opacity=&#8221;1&#8243; background_hover_color_opacity=&#8221;1&#8243; column_shadow=&#8221;none&#8221; column_border_radius=&#8221;none&#8221; width=&#8221;1\/1&#8243; tablet_text_alignment=&#8221;default&#8221; phone_text_alignment=&#8221;default&#8221; column_border_width=&#8221;none&#8221; column_border_style=&#8221;solid&#8221;][vc_column_text css=&#8221;.vc_custom_1514383642916{padding-bottom: 30px !important;}&#8221;]\n<h2 style=\"text-align: center;\"><span style=\"font-weight: 400;\">Trabajo para clientes directos y agencias de traducci\u00f3n, para quienes traduzco textos generales y especializados de <\/span><span style=\"font-weight: 400;\">psicolog\u00eda<\/span><span style=\"font-weight: 400;\">, <\/span><span style=\"font-weight: 400;\">bioqu\u00edmica<\/span><span style=\"font-weight: 400;\">, <\/span><span style=\"font-weight: 400;\">medicina<\/span><span style=\"font-weight: 400;\">, pero tambi\u00e9n espec\u00edficos de la <\/span><span style=\"font-weight: 400;\">docencia<\/span><span style=\"font-weight: 400;\"> y del mundo del <\/span><span style=\"font-weight: 400;\">turismo <\/span><span style=\"font-weight: 400;\">y los <\/span><span style=\"font-weight: 400;\">viajes<\/span><span style=\"font-weight: 400;\">.<\/span><\/h2>\n[\/vc_column_text][divider line_type=&#8221;Full Width Line&#8221; line_thickness=&#8221;1&#8243; divider_color=&#8221;default&#8221;][image_with_animation image_url=&#8221;3585&#8243; alignment=&#8221;center&#8221; animation=&#8221;Grow In&#8221; border_radius=&#8221;none&#8221; box_shadow=&#8221;none&#8221; max_width=&#8221;100%&#8221;][\/vc_column][\/vc_row][vc_row type=&#8221;full_width_background&#8221; full_screen_row_position=&#8221;middle&#8221; equal_height=&#8221;yes&#8221; content_placement=&#8221;middle&#8221; scene_position=&#8221;center&#8221; text_color=&#8221;dark&#8221; text_align=&#8221;left&#8221; id=&#8221;steps&#8221; row_name=&#8221;Sign Up Steps&#8221; overlay_strength=&#8221;0.3&#8243; shape_divider_position=&#8221;bottom&#8221;][vc_column column_padding=&#8221;no-extra-padding&#8221; column_padding_position=&#8221;top-bottom&#8221; background_color_opacity=&#8221;1&#8243; background_hover_color_opacity=&#8221;1&#8243; column_shadow=&#8221;none&#8221; column_border_radius=&#8221;none&#8221; width=&#8221;1\/1&#8243; tablet_text_alignment=&#8221;default&#8221; phone_text_alignment=&#8221;default&#8221; column_border_width=&#8221;none&#8221; column_border_style=&#8221;solid&#8221; offset=&#8221;vc_col-xs-12&#8243;][vc_column_text css=&#8221;.vc_custom_1514391491795{padding-bottom: 30px !important;}&#8221;]\n<h2 style=\"text-align: center;\"><em><span lang=\"es\">\u00bfQu\u00e9 opinan los clientes?<\/span><\/em><\/h2>\n[\/vc_column_text][\/vc_column][\/vc_row][vc_row type=&#8221;full_width_content&#8221; full_screen_row_position=&#8221;middle&#8221; bg_color=&#8221;#f2f2f2&#8243; scene_position=&#8221;center&#8221; text_color=&#8221;dark&#8221; text_align=&#8221;left&#8221; top_padding=&#8221;7%&#8221; bottom_padding=&#8221;7%&#8221; overlay_strength=&#8221;0.3&#8243; shape_divider_position=&#8221;bottom&#8221;][vc_column column_padding=&#8221;no-extra-padding&#8221; column_padding_position=&#8221;all&#8221; background_color_opacity=&#8221;1&#8243; background_hover_color_opacity=&#8221;1&#8243; column_shadow=&#8221;none&#8221; column_border_radius=&#8221;none&#8221; width=&#8221;1\/1&#8243; tablet_text_alignment=&#8221;default&#8221; phone_text_alignment=&#8221;default&#8221; column_border_width=&#8221;none&#8221; column_border_style=&#8221;solid&#8221;][testimonial_slider style=&#8221;multiple_visible_minimal&#8221; star_rating_color=&#8221;extra-color-gradient-1&#8243;][testimonial star_rating=&#8221;100%&#8221; title=&#8221;Testimonial&#8221; id=&#8221;1510681292706-88748-e841&#8243; name=&#8221;Eva&#8221; quote=&#8221;Gracias, Elvira creo que haces un trabajo cuidadoso y limpio. Espero que sigamos colaborando.&#8221; tab_id=&#8221;1514459057821-9&#8243;] Click the edit button to add your testimonial. [\/testimonial][testimonial star_rating=&#8221;80%&#8221; title=&#8221;Testimonial&#8221; id=&#8221;1510681292875-78748-e841&#8243; name=&#8221;Marta&#8221; quote=&#8221;Aprovecho para decirte que estamos muy contentos con tu trabajo, Elvira. Es un placer trabajar contigo.&#8221; tab_id=&#8221;1514459058767-6&#8243;] Click the edit button to add your testimonial. [\/testimonial][testimonial star_rating=&#8221;91%&#8221; title=&#8221;Testimonial&#8221; id=&#8221;1510681293035-68748-e841&#8243; name=&#8221;Carmen&#8221; quote=&#8221;Tu trabajo, tu eficacia, tu actitud y tu amabilidad son cualidades \u00f3ptimas que aportan un gran valor a nuestro trabajo.&#8221; tab_id=&#8221;1514459059727-6&#8243;] Click the edit button to add your testimonial. [\/testimonial][testimonial star_rating=&#8221;91%&#8221; title=&#8221;Testimonial&#8221; id=&#8221;1510681293191-88748-e841&#8243; name=&#8221;Gaspard&#8221; quote=&#8221;Aprovecho para felicitarte por tu excelente trabajo una vez m\u00e1s: es un placer colaborar contigo.&#8221; tab_id=&#8221;1514459060848-9&#8243;] Click the edit button to add your testimonial. [\/testimonial][\/testimonial_slider][\/vc_column][\/vc_row][vc_row type=&#8221;in_container&#8221; full_screen_row_position=&#8221;middle&#8221; scene_position=&#8221;center&#8221; text_color=&#8221;dark&#8221; text_align=&#8221;left&#8221; overlay_strength=&#8221;0.3&#8243; shape_divider_position=&#8221;bottom&#8221;][vc_column column_padding=&#8221;no-extra-padding&#8221; column_padding_position=&#8221;all&#8221; background_color_opacity=&#8221;1&#8243; background_hover_color_opacity=&#8221;1&#8243; column_shadow=&#8221;none&#8221; column_border_radius=&#8221;none&#8221; width=&#8221;1\/1&#8243; tablet_text_alignment=&#8221;default&#8221; phone_text_alignment=&#8221;default&#8221; column_border_width=&#8221;none&#8221; column_border_style=&#8221;solid&#8221;][divider line_type=&#8221;No Line&#8221; custom_height=&#8221;30&#8243;][vc_column_text css=&#8221;.vc_custom_1518694764486{padding-bottom: 30px !important;}&#8221;]\n<h2 style=\"text-align: center;\"><em><span lang=\"es\">No dude en comentar aqu\u00ed cualquier aspecto relacionado con nuestro trabajo. Su opini\u00f3n nos ayudar\u00e1 a mejorar.<\/span><\/em><\/h2>\n[\/vc_column_text][divider line_type=&#8221;No Line&#8221; custom_height=&#8221;30&#8243;][\/vc_column][\/vc_row][vc_row type=&#8221;in_container&#8221; full_screen_row_position=&#8221;middle&#8221; scene_position=&#8221;center&#8221; text_color=&#8221;dark&#8221; text_align=&#8221;left&#8221; overlay_strength=&#8221;0.3&#8243; shape_divider_position=&#8221;bottom&#8221;][vc_column column_padding=&#8221;no-extra-padding&#8221; column_padding_position=&#8221;all&#8221; background_color_opacity=&#8221;1&#8243; background_hover_color_opacity=&#8221;1&#8243; column_shadow=&#8221;none&#8221; column_border_radius=&#8221;none&#8221; width=&#8221;1\/2&#8243; tablet_text_alignment=&#8221;default&#8221; phone_text_alignment=&#8221;default&#8221; column_border_width=&#8221;none&#8221; column_border_style=&#8221;solid&#8221;][image_with_animation image_url=&#8221;3396&#8243; alignment=&#8221;&#8221; animation=&#8221;Fade In&#8221; border_radius=&#8221;none&#8221; box_shadow=&#8221;none&#8221; max_width=&#8221;100%&#8221;][\/vc_column][vc_column column_padding=&#8221;no-extra-padding&#8221; column_padding_position=&#8221;all&#8221; background_color_opacity=&#8221;1&#8243; background_hover_color_opacity=&#8221;1&#8243; column_shadow=&#8221;none&#8221; column_border_radius=&#8221;none&#8221; width=&#8221;1\/2&#8243; tablet_text_alignment=&#8221;default&#8221; phone_text_alignment=&#8221;default&#8221; column_border_width=&#8221;none&#8221; column_border_style=&#8221;solid&#8221;]\n<div class=\"wpcf7 no-js\" id=\"wpcf7-f3392-o1\" lang=\"es-ES\" dir=\"ltr\" data-wpcf7-id=\"3392\">\n<div class=\"screen-reader-response\"><p role=\"status\" aria-live=\"polite\" aria-atomic=\"true\"><\/p> <ul><\/ul><\/div>\n<form action=\"\/es\/wp-json\/wp\/v2\/pages\/2#wpcf7-f3392-o1\" method=\"post\" class=\"wpcf7-form init\" aria-label=\"Formulario de contacto\" novalidate=\"novalidate\" data-status=\"init\">\n<fieldset class=\"hidden-fields-container\"><input type=\"hidden\" name=\"_wpcf7\" value=\"3392\" \/><input type=\"hidden\" name=\"_wpcf7_version\" value=\"6.1.4\" \/><input type=\"hidden\" name=\"_wpcf7_locale\" value=\"es_ES\" \/><input type=\"hidden\" name=\"_wpcf7_unit_tag\" value=\"wpcf7-f3392-o1\" \/><input type=\"hidden\" name=\"_wpcf7_container_post\" value=\"0\" \/><input type=\"hidden\" name=\"_wpcf7_posted_data_hash\" value=\"\" \/>\n<\/fieldset>\n<p><label> Valoraci\u00f3n<\/label><br \/>\n<span  class=\"wpcf7-form-control-wrap starrating-166 wpcf7-form-control wpcf7-starrating starrating\" data-def=\"0\"  data-cancel=\"1\" ><input type=\"radio\" name=\"starrating-166\" value=\"1\"\/><input type=\"radio\" name=\"starrating-166\" value=\"2\"\/><input type=\"radio\" name=\"starrating-166\" value=\"3\"\/><input type=\"radio\" name=\"starrating-166\" value=\"4\"\/><input type=\"radio\" name=\"starrating-166\" value=\"5\"\/><input type=\"radio\" name=\"starrating-166\" value=\"6\"\/><input type=\"radio\" name=\"starrating-166\" value=\"7\"\/><input type=\"radio\" name=\"starrating-166\" value=\"8\"\/><input type=\"radio\" name=\"starrating-166\" value=\"9\"\/><input type=\"radio\" name=\"starrating-166\" value=\"10\"\/><\/span><br \/>\n<label> Nombre (requerido)<br \/>\n<span class=\"wpcf7-form-control-wrap\" data-name=\"your-name\"><input size=\"40\" maxlength=\"400\" class=\"wpcf7-form-control wpcf7-text wpcf7-validates-as-required\" aria-required=\"true\" aria-invalid=\"false\" value=\"\" type=\"text\" name=\"your-name\" \/><\/span> <\/label><br \/>\n<label> Correo electr\u00f3nico (requerido)<br \/>\n<span class=\"wpcf7-form-control-wrap\" data-name=\"your-email\"><input size=\"40\" maxlength=\"400\" class=\"wpcf7-form-control wpcf7-email wpcf7-validates-as-required wpcf7-text wpcf7-validates-as-email\" aria-required=\"true\" aria-invalid=\"false\" value=\"\" type=\"email\" name=\"your-email\" \/><\/span> <\/label>\n<\/p>\n<p><label> Opini\u00f3n<br \/>\n<span class=\"wpcf7-form-control-wrap\" data-name=\"your-message\"><textarea cols=\"40\" rows=\"10\" maxlength=\"2000\" class=\"wpcf7-form-control wpcf7-textarea\" aria-invalid=\"false\" name=\"your-message\"><\/textarea><\/span> <\/label>\n<\/p>\n<p><input class=\"wpcf7-form-control wpcf7-submit has-spinner\" type=\"submit\" value=\"Enviar\" \/>\n<\/p><p style=\"display: none !important;\" class=\"akismet-fields-container\" data-prefix=\"_wpcf7_ak_\"><label>&#916;<textarea name=\"_wpcf7_ak_hp_textarea\" cols=\"45\" rows=\"8\" maxlength=\"100\"><\/textarea><\/label><input type=\"hidden\" id=\"ak_js_1\" name=\"_wpcf7_ak_js\" value=\"194\"\/><script>document.getElementById( \"ak_js_1\" ).setAttribute( \"value\", ( new Date() ).getTime() );<\/script><\/p><div class=\"wpcf7-response-output\" aria-hidden=\"true\"><\/div>\n<\/form>\n<\/div>\n[\/vc_column][\/vc_row]","protected":false},"excerpt":{"rendered":"<p>[vc_row type=&#8221;full_width_background&#8221; full_screen_row_position=&#8221;middle&#8221; bg_image=&#8221;3270&#8243; bg_position=&#8221;left top&#8221; bg_repeat=&#8221;no-repeat&#8221; scene_position=&#8221;center&#8221; text_color=&#8221;light&#8221; text_align=&#8221;center&#8221; top_padding=&#8221;12%&#8221; bottom_padding=&#8221;12%&#8221; overlay_strength=&#8221;0.3&#8243; shape_divider_position=&#8221;bottom&#8221; shape_type=&#8221;&#8221;][vc_column enable_animation=&#8221;true&#8221; animation=&#8221;flip-in&#8221; column_padding=&#8221;no-extra-padding&#8221; column_padding_position=&#8221;all&#8221; background_color_opacity=&#8221;1&#8243; background_hover_color_opacity=&#8221;1&#8243; column_shadow=&#8221;none&#8221; column_border_radius=&#8221;none&#8221; width=&#8221;1\/1&#8243; tablet_text_alignment=&#8221;default&#8221; phone_text_alignment=&#8221;default&#8221; column_border_width=&#8221;none&#8221; column_border_style=&#8221;solid&#8221;][vc_column_text] CLIENTES [\/vc_column_text][\/vc_column][\/vc_row][vc_row&#8230;<\/p>\n","protected":false},"author":1,"featured_media":0,"parent":0,"menu_order":0,"comment_status":"closed","ping_status":"open","template":"","meta":{"jetpack_post_was_ever_published":false,"footnotes":""},"class_list":["post-2","page","type-page","status-publish"],"yoast_head":"<!-- This site is optimized with the Yoast SEO plugin v26.4 - https:\/\/yoast.com\/wordpress\/plugins\/seo\/ -->\n<title>Clients | Elvira Aguilar Gonz\u00e1lez - eagtrans.com | Traductora<\/title>\n<meta name=\"description\" content=\"Je travaille pour des clients directs et des agences de traduction, pour lesquels je traduis des textes g\u00e9n\u00e9raux et sp\u00e9cialis\u00e9s dans les domaines de la psychologie,de la biochimie, de lam\u00e9decine, del&#039;enseignement et du tourisme.\" \/>\n<meta name=\"robots\" content=\"index, follow, max-snippet:-1, max-image-preview:large, max-video-preview:-1\" \/>\n<link rel=\"canonical\" href=\"https:\/\/eagtrans.com\/fr\/clients\/\" \/>\n<meta property=\"og:locale\" content=\"es_ES\" \/>\n<meta property=\"og:type\" content=\"article\" \/>\n<meta property=\"og:title\" content=\"Clients | Elvira Aguilar Gonz\u00e1lez - eagtrans.com | Traductora\" \/>\n<meta property=\"og:description\" content=\"Je travaille pour des clients directs et des agences de traduction, pour lesquels je traduis des textes g\u00e9n\u00e9raux et sp\u00e9cialis\u00e9s dans les domaines de la psychologie,de la biochimie, de lam\u00e9decine, del&#039;enseignement et du tourisme.\" \/>\n<meta property=\"og:url\" content=\"https:\/\/eagtrans.com\/fr\/clients\/\" \/>\n<meta property=\"og:site_name\" content=\"Elvira Aguilar Gonz\u00e1lez - eagtrans.com | Traductora\" \/>\n<meta property=\"article:modified_time\" content=\"2018-02-17T10:22:49+00:00\" \/>\n<meta name=\"twitter:card\" content=\"summary_large_image\" \/>\n<meta name=\"twitter:label1\" content=\"Tiempo de lectura\" \/>\n\t<meta name=\"twitter:data1\" content=\"14 minutos\" \/>\n<script type=\"application\/ld+json\" class=\"yoast-schema-graph\">{\"@context\":\"https:\/\/schema.org\",\"@graph\":[{\"@type\":\"WebPage\",\"@id\":\"https:\/\/eagtrans.com\/fr\/clients\/\",\"url\":\"https:\/\/eagtrans.com\/fr\/clients\/\",\"name\":\"Clients | Elvira Aguilar Gonz\u00e1lez - eagtrans.com | Traductora\",\"isPartOf\":{\"@id\":\"https:\/\/eagtrans.com\/es\/#website\"},\"datePublished\":\"2017-07-26T11:15:40+00:00\",\"dateModified\":\"2018-02-17T10:22:49+00:00\",\"description\":\"Je travaille pour des clients directs et des agences de traduction, pour lesquels je traduis des textes g\u00e9n\u00e9raux et sp\u00e9cialis\u00e9s dans les domaines de la psychologie,de la biochimie, de lam\u00e9decine, del'enseignement et du tourisme.\",\"breadcrumb\":{\"@id\":\"https:\/\/eagtrans.com\/fr\/clients\/#breadcrumb\"},\"inLanguage\":\"es\",\"potentialAction\":[{\"@type\":\"ReadAction\",\"target\":[\"https:\/\/eagtrans.com\/fr\/clients\/\"]}]},{\"@type\":\"BreadcrumbList\",\"@id\":\"https:\/\/eagtrans.com\/fr\/clients\/#breadcrumb\",\"itemListElement\":[{\"@type\":\"ListItem\",\"position\":1,\"name\":\"Portada\",\"item\":\"http:\/\/eagtrans.com\/es\/\"},{\"@type\":\"ListItem\",\"position\":2,\"name\":\"Clients\"}]},{\"@type\":\"WebSite\",\"@id\":\"https:\/\/eagtrans.com\/es\/#website\",\"url\":\"https:\/\/eagtrans.com\/es\/\",\"name\":\"Elvira Aguilar Gonz\u00e1lez - eagtrans.com | Traductora\",\"description\":\"Elvira Aguilar Gonz\u00e1lez - eagtrans.com | Traductora\",\"potentialAction\":[{\"@type\":\"SearchAction\",\"target\":{\"@type\":\"EntryPoint\",\"urlTemplate\":\"https:\/\/eagtrans.com\/es\/?s={search_term_string}\"},\"query-input\":{\"@type\":\"PropertyValueSpecification\",\"valueRequired\":true,\"valueName\":\"search_term_string\"}}],\"inLanguage\":\"es\"}]}<\/script>\n<!-- \/ Yoast SEO plugin. -->","yoast_head_json":{"title":"Clients | Elvira Aguilar Gonz\u00e1lez - eagtrans.com | Traductora","description":"Je travaille pour des clients directs et des agences de traduction, pour lesquels je traduis des textes g\u00e9n\u00e9raux et sp\u00e9cialis\u00e9s dans les domaines de la psychologie,de la biochimie, de lam\u00e9decine, del'enseignement et du tourisme.","robots":{"index":"index","follow":"follow","max-snippet":"max-snippet:-1","max-image-preview":"max-image-preview:large","max-video-preview":"max-video-preview:-1"},"canonical":"https:\/\/eagtrans.com\/fr\/clients\/","og_locale":"es_ES","og_type":"article","og_title":"Clients | Elvira Aguilar Gonz\u00e1lez - eagtrans.com | Traductora","og_description":"Je travaille pour des clients directs et des agences de traduction, pour lesquels je traduis des textes g\u00e9n\u00e9raux et sp\u00e9cialis\u00e9s dans les domaines de la psychologie,de la biochimie, de lam\u00e9decine, del'enseignement et du tourisme.","og_url":"https:\/\/eagtrans.com\/fr\/clients\/","og_site_name":"Elvira Aguilar Gonz\u00e1lez - eagtrans.com | Traductora","article_modified_time":"2018-02-17T10:22:49+00:00","twitter_card":"summary_large_image","twitter_misc":{"Tiempo de lectura":"14 minutos"},"schema":{"@context":"https:\/\/schema.org","@graph":[{"@type":"WebPage","@id":"https:\/\/eagtrans.com\/fr\/clients\/","url":"https:\/\/eagtrans.com\/fr\/clients\/","name":"Clients | Elvira Aguilar Gonz\u00e1lez - eagtrans.com | Traductora","isPartOf":{"@id":"https:\/\/eagtrans.com\/es\/#website"},"datePublished":"2017-07-26T11:15:40+00:00","dateModified":"2018-02-17T10:22:49+00:00","description":"Je travaille pour des clients directs et des agences de traduction, pour lesquels je traduis des textes g\u00e9n\u00e9raux et sp\u00e9cialis\u00e9s dans les domaines de la psychologie,de la biochimie, de lam\u00e9decine, del'enseignement et du tourisme.","breadcrumb":{"@id":"https:\/\/eagtrans.com\/fr\/clients\/#breadcrumb"},"inLanguage":"es","potentialAction":[{"@type":"ReadAction","target":["https:\/\/eagtrans.com\/fr\/clients\/"]}]},{"@type":"BreadcrumbList","@id":"https:\/\/eagtrans.com\/fr\/clients\/#breadcrumb","itemListElement":[{"@type":"ListItem","position":1,"name":"Portada","item":"http:\/\/eagtrans.com\/es\/"},{"@type":"ListItem","position":2,"name":"Clients"}]},{"@type":"WebSite","@id":"https:\/\/eagtrans.com\/es\/#website","url":"https:\/\/eagtrans.com\/es\/","name":"Elvira Aguilar Gonz\u00e1lez - eagtrans.com | Traductora","description":"Elvira Aguilar Gonz\u00e1lez - eagtrans.com | Traductora","potentialAction":[{"@type":"SearchAction","target":{"@type":"EntryPoint","urlTemplate":"https:\/\/eagtrans.com\/es\/?s={search_term_string}"},"query-input":{"@type":"PropertyValueSpecification","valueRequired":true,"valueName":"search_term_string"}}],"inLanguage":"es"}]}},"jetpack_sharing_enabled":true,"jetpack_shortlink":"https:\/\/wp.me\/PaNv5I-2","_links":{"self":[{"href":"https:\/\/eagtrans.com\/es\/wp-json\/wp\/v2\/pages\/2","targetHints":{"allow":["GET"]}}],"collection":[{"href":"https:\/\/eagtrans.com\/es\/wp-json\/wp\/v2\/pages"}],"about":[{"href":"https:\/\/eagtrans.com\/es\/wp-json\/wp\/v2\/types\/page"}],"author":[{"embeddable":true,"href":"https:\/\/eagtrans.com\/es\/wp-json\/wp\/v2\/users\/1"}],"replies":[{"embeddable":true,"href":"https:\/\/eagtrans.com\/es\/wp-json\/wp\/v2\/comments?post=2"}],"version-history":[{"count":48,"href":"https:\/\/eagtrans.com\/es\/wp-json\/wp\/v2\/pages\/2\/revisions"}],"predecessor-version":[{"id":3789,"href":"https:\/\/eagtrans.com\/es\/wp-json\/wp\/v2\/pages\/2\/revisions\/3789"}],"wp:attachment":[{"href":"https:\/\/eagtrans.com\/es\/wp-json\/wp\/v2\/media?parent=2"}],"curies":[{"name":"wp","href":"https:\/\/api.w.org\/{rel}","templated":true}]}}