{"id":3889,"date":"2020-05-01T17:59:56","date_gmt":"2020-05-01T16:59:56","guid":{"rendered":"https:\/\/eagtrans.com\/es\/?page_id=3889"},"modified":"2020-05-01T18:01:06","modified_gmt":"2020-05-01T17:01:06","slug":"politica-de-privacidad-y-de-cookies","status":"publish","type":"page","link":"https:\/\/eagtrans.com\/en\/politica-de-privacidad\/","title":{"rendered":"(Espa\u00f1ol) Pol\u00edtica de Privacidad y de Cookies"},"content":{"rendered":"<p class=\"qtranxs-available-languages-message qtranxs-available-languages-message-en\">Sorry, this entry is only available in <a href=\"https:\/\/eagtrans.com\/es\/wp-json\/wp\/v2\/pages\/3889\" class=\"qtranxs-available-language-link qtranxs-available-language-link-es\" title=\"Espa\u00f1ol\">Espa\u00f1ol<\/a>.<\/p>","protected":false},"excerpt":{"rendered":"<p>Sorry, this entry is only available in Espa\u00f1ol.<\/p>\n","protected":false},"author":1,"featured_media":0,"parent":0,"menu_order":0,"comment_status":"closed","ping_status":"closed","template":"","meta":{"jetpack_post_was_ever_published":false,"footnotes":""},"class_list":["post-3889","page","type-page","status-publish"],"yoast_head":"<!-- This site is optimized with the Yoast SEO plugin v26.4 - https:\/\/yoast.com\/wordpress\/plugins\/seo\/ -->\n<title>(Espa\u00f1ol) Pol\u00edtica de Privacidad y de Cookies - Elvira Aguilar Gonz\u00e1lez - eagtrans.com<\/title>\n<meta name=\"robots\" content=\"index, follow, max-snippet:-1, max-image-preview:large, max-video-preview:-1\" \/>\n<link rel=\"canonical\" href=\"https:\/\/eagtrans.com\/es\/politica-de-privacidad\/\" \/>\n<meta property=\"og:locale\" content=\"en_US\" \/>\n<meta property=\"og:type\" content=\"article\" \/>\n<meta property=\"og:title\" content=\"(Espa\u00f1ol) Pol\u00edtica de Privacidad y de Cookies - Elvira Aguilar Gonz\u00e1lez - eagtrans.com\" \/>\n<meta property=\"og:description\" content=\"Sorry, this entry is only available in Espa\u00f1ol.\" \/>\n<meta property=\"og:url\" content=\"https:\/\/eagtrans.com\/es\/politica-de-privacidad\/\" \/>\n<meta property=\"og:site_name\" content=\"Elvira Aguilar Gonz\u00e1lez - eagtrans.com\" \/>\n<meta property=\"article:modified_time\" content=\"2020-05-01T17:01:06+00:00\" \/>\n<meta name=\"twitter:card\" content=\"summary_large_image\" \/>\n<meta name=\"twitter:label1\" content=\"Est. reading time\" \/>\n\t<meta name=\"twitter:data1\" content=\"9 minutes\" \/>\n<script type=\"application\/ld+json\" class=\"yoast-schema-graph\">{\"@context\":\"https:\/\/schema.org\",\"@graph\":[{\"@type\":\"WebPage\",\"@id\":\"https:\/\/eagtrans.com\/es\/politica-de-privacidad\/\",\"url\":\"https:\/\/eagtrans.com\/es\/politica-de-privacidad\/\",\"name\":\"(Espa\u00f1ol) Pol\u00edtica de Privacidad y de Cookies - Elvira Aguilar Gonz\u00e1lez - eagtrans.com\",\"isPartOf\":{\"@id\":\"https:\/\/eagtrans.com\/es\/#website\"},\"datePublished\":\"2020-05-01T16:59:56+00:00\",\"dateModified\":\"2020-05-01T17:01:06+00:00\",\"breadcrumb\":{\"@id\":\"https:\/\/eagtrans.com\/es\/politica-de-privacidad\/#breadcrumb\"},\"inLanguage\":\"en-US\",\"potentialAction\":[{\"@type\":\"ReadAction\",\"target\":[\"https:\/\/eagtrans.com\/es\/politica-de-privacidad\/\"]}]},{\"@type\":\"BreadcrumbList\",\"@id\":\"https:\/\/eagtrans.com\/es\/politica-de-privacidad\/#breadcrumb\",\"itemListElement\":[{\"@type\":\"ListItem\",\"position\":1,\"name\":\"Portada\",\"item\":\"http:\/\/eagtrans.com\/es\/\"},{\"@type\":\"ListItem\",\"position\":2,\"name\":\"Pol\u00edtica de Privacidad y de Cookies\"}]},{\"@type\":\"WebSite\",\"@id\":\"https:\/\/eagtrans.com\/es\/#website\",\"url\":\"https:\/\/eagtrans.com\/es\/\",\"name\":\"Elvira Aguilar Gonz\u00e1lez - eagtrans.com\",\"description\":\"Elvira Aguilar Gonz\u00e1lez - eagtrans.com | Traductora\",\"potentialAction\":[{\"@type\":\"SearchAction\",\"target\":{\"@type\":\"EntryPoint\",\"urlTemplate\":\"https:\/\/eagtrans.com\/es\/?s={search_term_string}\"},\"query-input\":{\"@type\":\"PropertyValueSpecification\",\"valueRequired\":true,\"valueName\":\"search_term_string\"}}],\"inLanguage\":\"en-US\"}]}<\/script>\n<!-- \/ Yoast SEO plugin. -->","yoast_head_json":{"title":"(Espa\u00f1ol) Pol\u00edtica de Privacidad y de Cookies - Elvira Aguilar Gonz\u00e1lez - eagtrans.com","robots":{"index":"index","follow":"follow","max-snippet":"max-snippet:-1","max-image-preview":"max-image-preview:large","max-video-preview":"max-video-preview:-1"},"canonical":"https:\/\/eagtrans.com\/es\/politica-de-privacidad\/","og_locale":"en_US","og_type":"article","og_title":"(Espa\u00f1ol) Pol\u00edtica de Privacidad y de Cookies - Elvira Aguilar Gonz\u00e1lez - eagtrans.com","og_description":"Sorry, this entry is only available in Espa\u00f1ol.","og_url":"https:\/\/eagtrans.com\/es\/politica-de-privacidad\/","og_site_name":"Elvira Aguilar Gonz\u00e1lez - eagtrans.com","article_modified_time":"2020-05-01T17:01:06+00:00","twitter_card":"summary_large_image","twitter_misc":{"Est. reading time":"9 minutes"},"schema":{"@context":"https:\/\/schema.org","@graph":[{"@type":"WebPage","@id":"https:\/\/eagtrans.com\/es\/politica-de-privacidad\/","url":"https:\/\/eagtrans.com\/es\/politica-de-privacidad\/","name":"(Espa\u00f1ol) Pol\u00edtica de Privacidad y de Cookies - Elvira Aguilar Gonz\u00e1lez - eagtrans.com","isPartOf":{"@id":"https:\/\/eagtrans.com\/es\/#website"},"datePublished":"2020-05-01T16:59:56+00:00","dateModified":"2020-05-01T17:01:06+00:00","breadcrumb":{"@id":"https:\/\/eagtrans.com\/es\/politica-de-privacidad\/#breadcrumb"},"inLanguage":"en-US","potentialAction":[{"@type":"ReadAction","target":["https:\/\/eagtrans.com\/es\/politica-de-privacidad\/"]}]},{"@type":"BreadcrumbList","@id":"https:\/\/eagtrans.com\/es\/politica-de-privacidad\/#breadcrumb","itemListElement":[{"@type":"ListItem","position":1,"name":"Portada","item":"http:\/\/eagtrans.com\/es\/"},{"@type":"ListItem","position":2,"name":"Pol\u00edtica de Privacidad y de Cookies"}]},{"@type":"WebSite","@id":"https:\/\/eagtrans.com\/es\/#website","url":"https:\/\/eagtrans.com\/es\/","name":"Elvira Aguilar Gonz\u00e1lez - eagtrans.com","description":"Elvira Aguilar Gonz\u00e1lez - eagtrans.com | Traductora","potentialAction":[{"@type":"SearchAction","target":{"@type":"EntryPoint","urlTemplate":"https:\/\/eagtrans.com\/es\/?s={search_term_string}"},"query-input":{"@type":"PropertyValueSpecification","valueRequired":true,"valueName":"search_term_string"}}],"inLanguage":"en-US"}]}},"jetpack_sharing_enabled":true,"jetpack_shortlink":"https:\/\/wp.me\/PaNv5I-10J","_links":{"self":[{"href":"https:\/\/eagtrans.com\/en\/wp-json\/wp\/v2\/pages\/3889","targetHints":{"allow":["GET"]}}],"collection":[{"href":"https:\/\/eagtrans.com\/en\/wp-json\/wp\/v2\/pages"}],"about":[{"href":"https:\/\/eagtrans.com\/en\/wp-json\/wp\/v2\/types\/page"}],"author":[{"embeddable":true,"href":"https:\/\/eagtrans.com\/en\/wp-json\/wp\/v2\/users\/1"}],"replies":[{"embeddable":true,"href":"https:\/\/eagtrans.com\/en\/wp-json\/wp\/v2\/comments?post=3889"}],"version-history":[{"count":3,"href":"https:\/\/eagtrans.com\/en\/wp-json\/wp\/v2\/pages\/3889\/revisions"}],"predecessor-version":[{"id":3892,"href":"https:\/\/eagtrans.com\/en\/wp-json\/wp\/v2\/pages\/3889\/revisions\/3892"}],"wp:attachment":[{"href":"https:\/\/eagtrans.com\/en\/wp-json\/wp\/v2\/media?parent=3889"}],"curies":[{"name":"wp","href":"https:\/\/api.w.org\/{rel}","templated":true}]}}