{"id":3272,"date":"2017-11-14T18:30:20","date_gmt":"2017-11-14T18:30:20","guid":{"rendered":"https:\/\/eagtrans.com\/\/?page_id=3272"},"modified":"2017-12-22T12:25:15","modified_gmt":"2017-12-22T11:25:15","slug":"presupuesto","status":"publish","type":"page","link":"https:\/\/eagtrans.com\/en\/presupuesto\/","title":{"rendered":"Quote"},"content":{"rendered":"[vc_row type=&#8221;in_container&#8221; full_screen_row_position=&#8221;middle&#8221; scene_position=&#8221;center&#8221; text_color=&#8221;dark&#8221; text_align=&#8221;left&#8221; overlay_strength=&#8221;0.3&#8243; shape_divider_position=&#8221;bottom&#8221;][vc_column column_padding=&#8221;no-extra-padding&#8221; column_padding_position=&#8221;all&#8221; background_color_opacity=&#8221;1&#8243; background_hover_color_opacity=&#8221;1&#8243; column_shadow=&#8221;none&#8221; column_border_radius=&#8221;none&#8221; width=&#8221;1\/1&#8243; tablet_text_alignment=&#8221;default&#8221; phone_text_alignment=&#8221;default&#8221; column_border_width=&#8221;none&#8221; column_border_style=&#8221;solid&#8221;][divider line_type=&#8221;No Line&#8221; custom_height=&#8221;20&#8243;][\/vc_column][\/vc_row][vc_row type=&#8221;in_container&#8221; full_screen_row_position=&#8221;middle&#8221; scene_position=&#8221;center&#8221; text_color=&#8221;dark&#8221; text_align=&#8221;left&#8221; overlay_strength=&#8221;0.3&#8243; shape_divider_position=&#8221;bottom&#8221;][vc_column centered_text=&#8221;true&#8221; column_padding=&#8221;no-extra-padding&#8221; column_padding_position=&#8221;all&#8221; background_color_opacity=&#8221;1&#8243; background_hover_color_opacity=&#8221;1&#8243; column_shadow=&#8221;none&#8221; column_border_radius=&#8221;none&#8221; width=&#8221;1\/1&#8243; tablet_text_alignment=&#8221;default&#8221; phone_text_alignment=&#8221;default&#8221; column_border_width=&#8221;none&#8221; column_border_style=&#8221;solid&#8221;][vc_column_text css=&#8221;.vc_custom_1510683204877{padding-bottom: 30px !important;}&#8221;]\n<h2 style=\"text-align: center;\">\u00a0<span style=\"font-weight: 400;\">Cada proyecto se presupuesta de manera individual. Por lo tanto, si quiere obtener un presupuesto gratuito y sin ning\u00fan compromiso, env\u00ede un correo electr\u00f3nico a <\/span><b>traduccion@eagtrans.com<\/b><span style=\"font-weight: 400;\">, adjuntando el documento que desea traducir, revisar o corregir. Intentar\u00e9 ponerme en contacto lo antes posible.<\/span><\/h2>\n[\/vc_column_text][nectar_btn size=&#8221;large&#8221; button_style=&#8221;regular&#8221; button_color_2=&#8221;Accent-Color&#8221; color_override=&#8221;#901f1d&#8221; icon_family=&#8221;iconsmind&#8221; icon_iconsmind=&#8221;iconsmind-Triangle-ArrowRight&#8221; margin_top=&#8221;50&#8243; url=&#8221;https:\/\/eagtrans.com\/\/es\/contacto\/&#8221; text=&#8221;Contacto&#8221;][divider line_type=&#8221;Full Width Line&#8221; line_thickness=&#8221;1&#8243; divider_color=&#8221;default&#8221;][\/vc_column][\/vc_row][vc_row type=&#8221;full_width_background&#8221; full_screen_row_position=&#8221;middle&#8221; equal_height=&#8221;yes&#8221; content_placement=&#8221;middle&#8221; scene_position=&#8221;center&#8221; text_color=&#8221;dark&#8221; text_align=&#8221;left&#8221; id=&#8221;steps&#8221; row_name=&#8221;Sign Up Steps&#8221; overlay_strength=&#8221;0.3&#8243; shape_divider_position=&#8221;bottom&#8221;][vc_column column_padding=&#8221;no-extra-padding&#8221; column_padding_position=&#8221;top-bottom&#8221; background_color_opacity=&#8221;1&#8243; background_hover_color_opacity=&#8221;1&#8243; column_shadow=&#8221;none&#8221; column_border_radius=&#8221;none&#8221; width=&#8221;1\/1&#8243; tablet_text_alignment=&#8221;default&#8221; phone_text_alignment=&#8221;default&#8221; column_border_width=&#8221;none&#8221; column_border_style=&#8221;solid&#8221; offset=&#8221;vc_col-xs-12&#8243;][vc_column_text css=&#8221;.vc_custom_1510682479330{padding-bottom: 30px !important;}&#8221;]\n<h2 style=\"text-align: center;\"><em>\u00bfQu\u00e9 opinan los clientes?<\/em><\/h2>\n[\/vc_column_text][\/vc_column][\/vc_row][vc_row type=&#8221;full_width_content&#8221; full_screen_row_position=&#8221;middle&#8221; bg_color=&#8221;#f2f2f2&#8243; scene_position=&#8221;center&#8221; text_color=&#8221;dark&#8221; text_align=&#8221;left&#8221; top_padding=&#8221;7%&#8221; bottom_padding=&#8221;7%&#8221; overlay_strength=&#8221;0.3&#8243; shape_divider_position=&#8221;bottom&#8221;][vc_column column_padding=&#8221;no-extra-padding&#8221; column_padding_position=&#8221;all&#8221; background_color_opacity=&#8221;1&#8243; background_hover_color_opacity=&#8221;1&#8243; column_shadow=&#8221;none&#8221; column_border_radius=&#8221;none&#8221; width=&#8221;1\/1&#8243; tablet_text_alignment=&#8221;default&#8221; phone_text_alignment=&#8221;default&#8221; column_border_width=&#8221;none&#8221; column_border_style=&#8221;solid&#8221;][testimonial_slider style=&#8221;multiple_visible_minimal&#8221; star_rating_color=&#8221;extra-color-gradient-1&#8243;][testimonial star_rating=&#8221;100%&#8221; title=&#8221;Testimonial&#8221; id=&#8221;1510682842730-31f6c-e98b&#8221; name=&#8221;Eva&#8221; quote=&#8221;\u00abGracias, Elvira creo que haces un trabajo cuidadoso y limpio. Espero que sigamos colaborando\u00bb.&#8221; tab_id=&#8221;1513941708730-6&#8243;] Click the edit button to add your testimonial. [\/testimonial][testimonial star_rating=&#8221;80%&#8221; title=&#8221;Testimonial&#8221; id=&#8221;1510682842877-101f6c-e98b&#8221; name=&#8221;Marta&#8221; quote=&#8221;\u00ab Aprovecho para decirte que estamos muy contentos con tu trabajo, Elvira. Es un placer trabajar contigo\u00bb&#8221; tab_id=&#8221;1513941709090-4&#8243;] Click the edit button to add your testimonial. [\/testimonial][testimonial star_rating=&#8221;91%&#8221; title=&#8221;Testimonial&#8221; id=&#8221;1510682843008-101f6c-e98b&#8221; name=&#8221;Carmen&#8221; quote=&#8221;\u00abTu trabajo, tu eficacia, tu actitud y tu amabilidad son cualidades \u00f3ptimas que aportan un gran valor a nuestro trabajo\u00bb.&#8221; tab_id=&#8221;1513941709500-0&#8243;] Click the edit button to add your testimonial. [\/testimonial][testimonial star_rating=&#8221;91%&#8221; title=&#8221;Testimonial&#8221; id=&#8221;1510682843138-01f6c-e98b&#8221; name=&#8221;Gaspard&#8221; quote=&#8221;\u00abAprovecho para felicitarte por tu excelente trabajo una vez m\u00e1s: es un placer colaborar contigo\u00bb.&#8221; tab_id=&#8221;1513941709899-6&#8243;] Click the edit button to add your testimonial. [\/testimonial][\/testimonial_slider][\/vc_column][\/vc_row][vc_row type=&#8221;in_container&#8221; full_screen_row_position=&#8221;middle&#8221; scene_position=&#8221;center&#8221; text_color=&#8221;dark&#8221; text_align=&#8221;left&#8221; overlay_strength=&#8221;0.3&#8243; shape_divider_position=&#8221;bottom&#8221;][vc_column column_padding=&#8221;no-extra-padding&#8221; column_padding_position=&#8221;all&#8221; background_color_opacity=&#8221;1&#8243; background_hover_color_opacity=&#8221;1&#8243; column_shadow=&#8221;none&#8221; column_border_radius=&#8221;none&#8221; width=&#8221;1\/1&#8243; tablet_text_alignment=&#8221;default&#8221; phone_text_alignment=&#8221;default&#8221; column_border_width=&#8221;none&#8221; column_border_style=&#8221;solid&#8221;][divider line_type=&#8221;No Line&#8221; custom_height=&#8221;30&#8243;][\/vc_column][\/vc_row]","protected":false},"excerpt":{"rendered":"<p>[vc_row type=&#8221;in_container&#8221; full_screen_row_position=&#8221;middle&#8221; scene_position=&#8221;center&#8221; text_color=&#8221;dark&#8221; text_align=&#8221;left&#8221; overlay_strength=&#8221;0.3&#8243; shape_divider_position=&#8221;bottom&#8221;][vc_column column_padding=&#8221;no-extra-padding&#8221; column_padding_position=&#8221;all&#8221; background_color_opacity=&#8221;1&#8243; background_hover_color_opacity=&#8221;1&#8243; column_shadow=&#8221;none&#8221; column_border_radius=&#8221;none&#8221; width=&#8221;1\/1&#8243; tablet_text_alignment=&#8221;default&#8221; phone_text_alignment=&#8221;default&#8221; column_border_width=&#8221;none&#8221; column_border_style=&#8221;solid&#8221;][divider line_type=&#8221;No Line&#8221; custom_height=&#8221;20&#8243;][\/vc_column][\/vc_row][vc_row type=&#8221;in_container&#8221; full_screen_row_position=&#8221;middle&#8221; scene_position=&#8221;center&#8221; text_color=&#8221;dark&#8221; text_align=&#8221;left&#8221; overlay_strength=&#8221;0.3&#8243; shape_divider_position=&#8221;bottom&#8221;][vc_column centered_text=&#8221;true&#8221;&#8230;<\/p>\n","protected":false},"author":1,"featured_media":0,"parent":0,"menu_order":0,"comment_status":"closed","ping_status":"closed","template":"","meta":{"jetpack_post_was_ever_published":false,"footnotes":""},"class_list":["post-3272","page","type-page","status-publish"],"yoast_head":"<!-- This site is optimized with the Yoast SEO plugin v26.4 - https:\/\/yoast.com\/wordpress\/plugins\/seo\/ -->\n<title>(Espa\u00f1ol) Presupuesto de manera individual y de forma gratuita I eagtrans.com<\/title>\n<meta name=\"description\" content=\"(Espa\u00f1ol) \u00a0Cada proyecto se presupuesta de manera individual. Por lo tanto, si quiere obtener un presupuesto gratuito y sin ning\u00fan compromiso, env\u00ede un correo...\" \/>\n<meta name=\"robots\" content=\"index, follow, max-snippet:-1, max-image-preview:large, max-video-preview:-1\" \/>\n<link rel=\"canonical\" href=\"https:\/\/eagtrans.com\/fr\/presupuesto\/\" \/>\n<meta property=\"og:locale\" content=\"en_US\" \/>\n<meta property=\"og:type\" content=\"article\" \/>\n<meta property=\"og:title\" content=\"(Espa\u00f1ol) Presupuesto de manera individual y de forma gratuita I eagtrans.com\" \/>\n<meta property=\"og:description\" content=\"(Espa\u00f1ol) \u00a0Cada proyecto se presupuesta de manera individual. Por lo tanto, si quiere obtener un presupuesto gratuito y sin ning\u00fan compromiso, env\u00ede un correo...\" \/>\n<meta property=\"og:url\" content=\"https:\/\/eagtrans.com\/fr\/presupuesto\/\" \/>\n<meta property=\"og:site_name\" content=\"Elvira Aguilar Gonz\u00e1lez - eagtrans.com\" \/>\n<meta property=\"article:modified_time\" content=\"2017-12-22T11:25:15+00:00\" \/>\n<meta name=\"twitter:card\" content=\"summary_large_image\" \/>\n<meta name=\"twitter:label1\" content=\"Est. reading time\" \/>\n\t<meta name=\"twitter:data1\" content=\"7 minutes\" \/>\n<script type=\"application\/ld+json\" class=\"yoast-schema-graph\">{\"@context\":\"https:\/\/schema.org\",\"@graph\":[{\"@type\":\"WebPage\",\"@id\":\"https:\/\/eagtrans.com\/fr\/presupuesto\/\",\"url\":\"https:\/\/eagtrans.com\/fr\/presupuesto\/\",\"name\":\"(Espa\u00f1ol) Presupuesto de manera individual y de forma gratuita I eagtrans.com\",\"isPartOf\":{\"@id\":\"https:\/\/eagtrans.com\/es\/#website\"},\"datePublished\":\"2017-11-14T18:30:20+00:00\",\"dateModified\":\"2017-12-22T11:25:15+00:00\",\"description\":\"(Espa\u00f1ol) \u00a0Cada proyecto se presupuesta de manera individual. Por lo tanto, si quiere obtener un presupuesto gratuito y sin ning\u00fan compromiso, env\u00ede un correo...\",\"breadcrumb\":{\"@id\":\"https:\/\/eagtrans.com\/fr\/presupuesto\/#breadcrumb\"},\"inLanguage\":\"en-US\",\"potentialAction\":[{\"@type\":\"ReadAction\",\"target\":[\"https:\/\/eagtrans.com\/fr\/presupuesto\/\"]}]},{\"@type\":\"BreadcrumbList\",\"@id\":\"https:\/\/eagtrans.com\/fr\/presupuesto\/#breadcrumb\",\"itemListElement\":[{\"@type\":\"ListItem\",\"position\":1,\"name\":\"Portada\",\"item\":\"http:\/\/eagtrans.com\/es\/\"},{\"@type\":\"ListItem\",\"position\":2,\"name\":\"(Espa\u00f1ol) Presupuesto\"}]},{\"@type\":\"WebSite\",\"@id\":\"https:\/\/eagtrans.com\/es\/#website\",\"url\":\"https:\/\/eagtrans.com\/es\/\",\"name\":\"Elvira Aguilar Gonz\u00e1lez - eagtrans.com\",\"description\":\"Elvira Aguilar Gonz\u00e1lez - eagtrans.com | Traductora\",\"potentialAction\":[{\"@type\":\"SearchAction\",\"target\":{\"@type\":\"EntryPoint\",\"urlTemplate\":\"https:\/\/eagtrans.com\/es\/?s={search_term_string}\"},\"query-input\":{\"@type\":\"PropertyValueSpecification\",\"valueRequired\":true,\"valueName\":\"search_term_string\"}}],\"inLanguage\":\"en-US\"}]}<\/script>\n<!-- \/ Yoast SEO plugin. -->","yoast_head_json":{"title":"(Espa\u00f1ol) Presupuesto de manera individual y de forma gratuita I eagtrans.com","description":"(Espa\u00f1ol) \u00a0Cada proyecto se presupuesta de manera individual. Por lo tanto, si quiere obtener un presupuesto gratuito y sin ning\u00fan compromiso, env\u00ede un correo...","robots":{"index":"index","follow":"follow","max-snippet":"max-snippet:-1","max-image-preview":"max-image-preview:large","max-video-preview":"max-video-preview:-1"},"canonical":"https:\/\/eagtrans.com\/fr\/presupuesto\/","og_locale":"en_US","og_type":"article","og_title":"(Espa\u00f1ol) Presupuesto de manera individual y de forma gratuita I eagtrans.com","og_description":"(Espa\u00f1ol) \u00a0Cada proyecto se presupuesta de manera individual. Por lo tanto, si quiere obtener un presupuesto gratuito y sin ning\u00fan compromiso, env\u00ede un correo...","og_url":"https:\/\/eagtrans.com\/fr\/presupuesto\/","og_site_name":"Elvira Aguilar Gonz\u00e1lez - eagtrans.com","article_modified_time":"2017-12-22T11:25:15+00:00","twitter_card":"summary_large_image","twitter_misc":{"Est. reading time":"7 minutes"},"schema":{"@context":"https:\/\/schema.org","@graph":[{"@type":"WebPage","@id":"https:\/\/eagtrans.com\/fr\/presupuesto\/","url":"https:\/\/eagtrans.com\/fr\/presupuesto\/","name":"(Espa\u00f1ol) Presupuesto de manera individual y de forma gratuita I eagtrans.com","isPartOf":{"@id":"https:\/\/eagtrans.com\/es\/#website"},"datePublished":"2017-11-14T18:30:20+00:00","dateModified":"2017-12-22T11:25:15+00:00","description":"(Espa\u00f1ol) \u00a0Cada proyecto se presupuesta de manera individual. Por lo tanto, si quiere obtener un presupuesto gratuito y sin ning\u00fan compromiso, env\u00ede un correo...","breadcrumb":{"@id":"https:\/\/eagtrans.com\/fr\/presupuesto\/#breadcrumb"},"inLanguage":"en-US","potentialAction":[{"@type":"ReadAction","target":["https:\/\/eagtrans.com\/fr\/presupuesto\/"]}]},{"@type":"BreadcrumbList","@id":"https:\/\/eagtrans.com\/fr\/presupuesto\/#breadcrumb","itemListElement":[{"@type":"ListItem","position":1,"name":"Portada","item":"http:\/\/eagtrans.com\/es\/"},{"@type":"ListItem","position":2,"name":"(Espa\u00f1ol) Presupuesto"}]},{"@type":"WebSite","@id":"https:\/\/eagtrans.com\/es\/#website","url":"https:\/\/eagtrans.com\/es\/","name":"Elvira Aguilar Gonz\u00e1lez - eagtrans.com","description":"Elvira Aguilar Gonz\u00e1lez - eagtrans.com | Traductora","potentialAction":[{"@type":"SearchAction","target":{"@type":"EntryPoint","urlTemplate":"https:\/\/eagtrans.com\/es\/?s={search_term_string}"},"query-input":{"@type":"PropertyValueSpecification","valueRequired":true,"valueName":"search_term_string"}}],"inLanguage":"en-US"}]}},"jetpack_sharing_enabled":true,"jetpack_shortlink":"https:\/\/wp.me\/PaNv5I-QM","_links":{"self":[{"href":"https:\/\/eagtrans.com\/en\/wp-json\/wp\/v2\/pages\/3272","targetHints":{"allow":["GET"]}}],"collection":[{"href":"https:\/\/eagtrans.com\/en\/wp-json\/wp\/v2\/pages"}],"about":[{"href":"https:\/\/eagtrans.com\/en\/wp-json\/wp\/v2\/types\/page"}],"author":[{"embeddable":true,"href":"https:\/\/eagtrans.com\/en\/wp-json\/wp\/v2\/users\/1"}],"replies":[{"embeddable":true,"href":"https:\/\/eagtrans.com\/en\/wp-json\/wp\/v2\/comments?post=3272"}],"version-history":[{"count":4,"href":"https:\/\/eagtrans.com\/en\/wp-json\/wp\/v2\/pages\/3272\/revisions"}],"predecessor-version":[{"id":3556,"href":"https:\/\/eagtrans.com\/en\/wp-json\/wp\/v2\/pages\/3272\/revisions\/3556"}],"wp:attachment":[{"href":"https:\/\/eagtrans.com\/en\/wp-json\/wp\/v2\/media?parent=3272"}],"curies":[{"name":"wp","href":"https:\/\/api.w.org\/{rel}","templated":true}]}}