{"id":2425,"date":"2014-04-03T18:15:03","date_gmt":"2014-04-03T18:15:03","guid":{"rendered":"http:\/\/themenectar.com\/demo\/salient-frostwave\/?page_id=2425"},"modified":"2018-02-17T11:20:11","modified_gmt":"2018-02-17T10:20:11","slug":"qui-suis-je","status":"publish","type":"page","link":"https:\/\/eagtrans.com\/en\/about-me\/","title":{"rendered":"About Me"},"content":{"rendered":"[vc_row type=&#8221;full_width_background&#8221; full_screen_row_position=&#8221;middle&#8221; bg_image=&#8221;3264&#8243; bg_position=&#8221;left top&#8221; bg_repeat=&#8221;no-repeat&#8221; scene_position=&#8221;center&#8221; text_color=&#8221;light&#8221; text_align=&#8221;center&#8221; top_padding=&#8221;12%&#8221; bottom_padding=&#8221;12%&#8221; overlay_strength=&#8221;0.3&#8243; shape_divider_position=&#8221;bottom&#8221; shape_type=&#8221;&#8221;][vc_column enable_animation=&#8221;true&#8221; animation=&#8221;flip-in&#8221; column_padding=&#8221;no-extra-padding&#8221; column_padding_position=&#8221;all&#8221; background_color_opacity=&#8221;1&#8243; background_hover_color_opacity=&#8221;1&#8243; column_shadow=&#8221;none&#8221; column_border_radius=&#8221;none&#8221; width=&#8221;1\/1&#8243; tablet_text_alignment=&#8221;default&#8221; phone_text_alignment=&#8221;default&#8221; column_border_width=&#8221;none&#8221; column_border_style=&#8221;solid&#8221;][vc_column_text]\n<h1 style=\"text-align: left;\">ELVIRA AGUILAR GONZ\u00c1LEZ<\/h1>\n<h2 style=\"text-align: left;\">Freelance translator<\/h2>\n[\/vc_column_text][\/vc_column][\/vc_row][vc_row type=&#8221;full_width_background&#8221; full_screen_row_position=&#8221;middle&#8221; scene_position=&#8221;center&#8221; text_color=&#8221;dark&#8221; text_align=&#8221;left&#8221; top_padding=&#8221;50&#8243; bottom_padding=&#8221;30&#8243; overlay_strength=&#8221;0.3&#8243; shape_divider_position=&#8221;bottom&#8221;][vc_column column_padding=&#8221;no-extra-padding&#8221; column_padding_position=&#8221;all&#8221; background_color_opacity=&#8221;1&#8243; background_hover_color_opacity=&#8221;1&#8243; column_shadow=&#8221;none&#8221; column_border_radius=&#8221;none&#8221; width=&#8221;1\/1&#8243; tablet_text_alignment=&#8221;default&#8221; phone_text_alignment=&#8221;default&#8221; column_border_width=&#8221;none&#8221; column_border_style=&#8221;solid&#8221;][vc_column_text css=&#8221;.vc_custom_1518862787592{padding-bottom: 30px !important;}&#8221;]\n<h2>About me<\/h2>\n[divider line_type=&#8221;No Line&#8221; custom_height=&#8221;5&#8243;]\n<p><span style=\"font-weight: 400;\">I devote my energies to build bridges among languages and cultures and to make comprehension and communication easier in different languages: English, French and Spanish.<\/span><\/p>\n<p><span style=\"font-weight: 400;\"><strong>I completed my degree in Translation and Interpreting in the Universidad de C\u00f3rdoba, Spain, in 2013<\/strong>. Since then, I have been trying to see what field(s) I wanted to specialise in. When I came back from England, where I spent a year working as a Spanish language assistant, I tried to combine both translation and teaching, while I specialised myself in medical translation by completing a postgraduate course (master) in the Universitat Jaume I de Castell\u00f3n, Spain (2016).<\/span><span style=\"font-weight: 400;\"> This <a href=\"http:\/\/repositori.uji.es\/xmlui\/bitstream\/handle\/10234\/166090\/TFM_2016_Aguilar%20Gonzalez%20Elvira.pdf?sequence=1\">education<\/a> allowed me to do my internship in an important medical and scientific company: Editorial M\u00e9dica Panamericana.<\/span><\/p>\n<p><span style=\"font-weight: 400;\">Nevertheless, I have also tried to continue with my education in other fields and to learn daily from my work with my clients and colleagues (I am a member of the <a href=\"https:\/\/asetrad.org\/\">Spanish Association of Translators, Proofreaders and Interpreters &#8211; Asetrad<\/a>).<\/span><\/p>\n<p><strong>In fact, I have taken some specialisation courses on medical terminology, correction, medical protocols and other fields.<\/strong><\/p>\n<p><strong>Although my main specialisation <a href=\"https:\/\/eagtrans.com\/en\/services\/\">areas<\/a> are medicine and psychology, I also offer my services of translation and correction in other fields such as tourism, trade or education.<\/strong><\/p>\n<p><span style=\"font-weight: 400;\">As it is said&#8230;<\/span>[\/vc_column_text][image_with_animation image_url=&#8221;3572&#8243; alignment=&#8221;center&#8221; animation=&#8221;Grow In&#8221; border_radius=&#8221;none&#8221; box_shadow=&#8221;none&#8221; max_width=&#8221;100%&#8221;][divider line_type=&#8221;Full Width Line&#8221; line_thickness=&#8221;1&#8243; divider_color=&#8221;default&#8221;][\/vc_column][\/vc_row][vc_row type=&#8221;full_width_background&#8221; full_screen_row_position=&#8221;middle&#8221; equal_height=&#8221;yes&#8221; content_placement=&#8221;middle&#8221; scene_position=&#8221;center&#8221; text_color=&#8221;dark&#8221; text_align=&#8221;left&#8221; id=&#8221;steps&#8221; row_name=&#8221;Sign Up Steps&#8221; overlay_strength=&#8221;0.3&#8243; shape_divider_position=&#8221;bottom&#8221;][vc_column column_padding=&#8221;no-extra-padding&#8221; column_padding_position=&#8221;top-bottom&#8221; background_color_opacity=&#8221;1&#8243; background_hover_color_opacity=&#8221;1&#8243; column_shadow=&#8221;none&#8221; column_border_radius=&#8221;none&#8221; width=&#8221;1\/1&#8243; tablet_text_alignment=&#8221;default&#8221; phone_text_alignment=&#8221;default&#8221; column_border_width=&#8221;none&#8221; column_border_style=&#8221;solid&#8221; offset=&#8221;vc_col-xs-12&#8243;][vc_column_text css=&#8221;.vc_custom_1513767457483{padding-bottom: 30px !important;}&#8221;]\n<h2>Why should you choose me for your project?<br \/>\nI consider myself as&#8230;<\/h2>\n[\/vc_column_text][nectar_icon_list animate=&#8221;true&#8221; color=&#8221;default&#8221; icon_size=&#8221;small&#8221; icon_style=&#8221;border&#8221;][nectar_icon_list_item icon_type=&#8221;numerical&#8221; title=&#8221;List Item&#8221; id=&#8221;1485703048239-58800-3c7b&#8221; header=&#8221;Professional:&#8221; text=&#8221;I only accept to work on those projects I feel I am qualified on. In case I am not qualified, I will try to recommend another translator to the client.&#8221; tab_id=&#8221;1506162153423-7&#8243;] [\/nectar_icon_list_item][nectar_icon_list_item icon_type=&#8221;numerical&#8221; title=&#8221;List Item&#8221; id=&#8221;1485703048245-48800-3c7b&#8221; header=&#8221;Thorough with details:&#8221; text=&#8221;I love to take care of any minimum detail of every single project, keeping a direct and constant communication with the client&#8221; tab_id=&#8221;1506162153584-1&#8243;] [\/nectar_icon_list_item][nectar_icon_list_item icon_type=&#8221;numerical&#8221; title=&#8221;List Item&#8221; id=&#8221;1485703048251-28800-3c7b&#8221; header=&#8221;Aware of your needs:&#8221; text=&#8221;In the current world, we really appreciate a good customers&#8217; service as this adds quality to work. Thus, I am really interested in knowing more about my clients&#8217; wishes.&#8221; tab_id=&#8221;1506162153743-3&#8243;][\/nectar_icon_list_item][nectar_icon_list_item icon_type=&#8221;numerical&#8221; title=&#8221;List Item&#8221; id=&#8221;1506163247131-0-8&#8243; tab_id=&#8221;1506163247133-5&#8243; header=&#8221;Accurate in every work:&#8221; text=&#8221;I try to translate faithfully not only the content but also the communicative purpose and function of every single text. I thoroughly proofread all the texts to make sure there are no mistakes, it is homogenous and the work meets the clients&#8217; expectations.&#8221;][\/nectar_icon_list_item][nectar_icon_list_item icon_type=&#8221;numerical&#8221; title=&#8221;List Item&#8221; id=&#8221;1506163340230-0-10&#8243; tab_id=&#8221;1506163340234-4&#8243; header=&#8221;Always available:&#8221; text=&#8221;You can contact me on the phone or via e-mail at any time you need it.<br \/>\n&#8220;][\/nectar_icon_list_item][\/nectar_icon_list][\/vc_column][\/vc_row][vc_row type=&#8221;in_container&#8221; full_screen_row_position=&#8221;middle&#8221; scene_position=&#8221;center&#8221; text_color=&#8221;dark&#8221; text_align=&#8221;left&#8221; overlay_strength=&#8221;0.3&#8243; shape_divider_position=&#8221;bottom&#8221;][vc_column column_padding=&#8221;no-extra-padding&#8221; column_padding_position=&#8221;all&#8221; background_color_opacity=&#8221;1&#8243; background_hover_color_opacity=&#8221;1&#8243; column_shadow=&#8221;none&#8221; column_border_radius=&#8221;none&#8221; width=&#8221;1\/1&#8243; tablet_text_alignment=&#8221;default&#8221; phone_text_alignment=&#8221;default&#8221; column_border_width=&#8221;none&#8221; column_border_style=&#8221;solid&#8221;][divider line_type=&#8221;No Line&#8221; custom_height=&#8221;30&#8243;][\/vc_column][\/vc_row][vc_row type=&#8221;in_container&#8221; full_screen_row_position=&#8221;middle&#8221; scene_position=&#8221;center&#8221; text_color=&#8221;dark&#8221; text_align=&#8221;left&#8221; overlay_strength=&#8221;0.3&#8243; shape_divider_position=&#8221;bottom&#8221;][vc_column column_padding=&#8221;no-extra-padding&#8221; column_padding_position=&#8221;all&#8221; background_color_opacity=&#8221;1&#8243; background_hover_color_opacity=&#8221;1&#8243; column_shadow=&#8221;none&#8221; column_border_radius=&#8221;none&#8221; width=&#8221;1\/1&#8243; tablet_text_alignment=&#8221;default&#8221; phone_text_alignment=&#8221;default&#8221; column_border_width=&#8221;none&#8221; column_border_style=&#8221;solid&#8221;][\/vc_column][\/vc_row]","protected":false},"excerpt":{"rendered":"<p>[vc_row type=&#8221;full_width_background&#8221; full_screen_row_position=&#8221;middle&#8221; bg_image=&#8221;3264&#8243; bg_position=&#8221;left top&#8221; bg_repeat=&#8221;no-repeat&#8221; scene_position=&#8221;center&#8221; text_color=&#8221;light&#8221; text_align=&#8221;center&#8221; top_padding=&#8221;12%&#8221; bottom_padding=&#8221;12%&#8221; overlay_strength=&#8221;0.3&#8243; shape_divider_position=&#8221;bottom&#8221; shape_type=&#8221;&#8221;][vc_column enable_animation=&#8221;true&#8221; animation=&#8221;flip-in&#8221; column_padding=&#8221;no-extra-padding&#8221; column_padding_position=&#8221;all&#8221; background_color_opacity=&#8221;1&#8243; background_hover_color_opacity=&#8221;1&#8243; column_shadow=&#8221;none&#8221; column_border_radius=&#8221;none&#8221; width=&#8221;1\/1&#8243; tablet_text_alignment=&#8221;default&#8221; phone_text_alignment=&#8221;default&#8221; column_border_width=&#8221;none&#8221; column_border_style=&#8221;solid&#8221;][vc_column_text] ELVIRA AGUILAR&#8230;<\/p>\n","protected":false},"author":1,"featured_media":0,"parent":0,"menu_order":4,"comment_status":"open","ping_status":"open","template":"","meta":{"jetpack_post_was_ever_published":false,"footnotes":""},"class_list":["post-2425","page","type-page","status-publish"],"yoast_head":"<!-- This site is optimized with the Yoast SEO plugin v26.4 - https:\/\/yoast.com\/wordpress\/plugins\/seo\/ -->\n<title>Sobre m\u00ed | Elvira Aguilar Gonz\u00e1lez - eagtrans.com | Traductora<\/title>\n<meta name=\"description\" content=\"Sobre m\u00ed, me dedico a tender puentes entre lenguas y culturas y a facilitar la comprensi\u00f3n y la comunicaci\u00f3n, entre el ingl\u00e9s o franc\u00e9s y el espa\u00f1ol.\" \/>\n<meta name=\"robots\" content=\"index, follow, max-snippet:-1, max-image-preview:large, max-video-preview:-1\" \/>\n<link rel=\"canonical\" href=\"https:\/\/eagtrans.com\/es\/sobre-mi\/\" \/>\n<meta property=\"og:locale\" content=\"en_US\" \/>\n<meta property=\"og:type\" content=\"article\" \/>\n<meta property=\"og:title\" content=\"Sobre m\u00ed | Elvira Aguilar Gonz\u00e1lez - eagtrans.com | Traductora\" \/>\n<meta property=\"og:description\" content=\"Sobre m\u00ed, me dedico a tender puentes entre lenguas y culturas y a facilitar la comprensi\u00f3n y la comunicaci\u00f3n, entre el ingl\u00e9s o franc\u00e9s y el espa\u00f1ol.\" \/>\n<meta property=\"og:url\" content=\"https:\/\/eagtrans.com\/es\/sobre-mi\/\" \/>\n<meta property=\"og:site_name\" content=\"Elvira Aguilar Gonz\u00e1lez - eagtrans.com\" \/>\n<meta property=\"article:modified_time\" content=\"2018-02-17T10:20:11+00:00\" \/>\n<meta name=\"twitter:card\" content=\"summary_large_image\" \/>\n<meta name=\"twitter:label1\" content=\"Est. reading time\" \/>\n\t<meta name=\"twitter:data1\" content=\"15 minutes\" \/>\n<script type=\"application\/ld+json\" class=\"yoast-schema-graph\">{\"@context\":\"https:\/\/schema.org\",\"@graph\":[{\"@type\":\"WebPage\",\"@id\":\"https:\/\/eagtrans.com\/es\/sobre-mi\/\",\"url\":\"https:\/\/eagtrans.com\/es\/sobre-mi\/\",\"name\":\"Sobre m\u00ed | Elvira Aguilar Gonz\u00e1lez - eagtrans.com | Traductora\",\"isPartOf\":{\"@id\":\"https:\/\/eagtrans.com\/es\/#website\"},\"datePublished\":\"2014-04-03T18:15:03+00:00\",\"dateModified\":\"2018-02-17T10:20:11+00:00\",\"description\":\"Sobre m\u00ed, me dedico a tender puentes entre lenguas y culturas y a facilitar la comprensi\u00f3n y la comunicaci\u00f3n, entre el ingl\u00e9s o franc\u00e9s y el espa\u00f1ol.\",\"breadcrumb\":{\"@id\":\"https:\/\/eagtrans.com\/es\/sobre-mi\/#breadcrumb\"},\"inLanguage\":\"en-US\",\"potentialAction\":[{\"@type\":\"ReadAction\",\"target\":[\"https:\/\/eagtrans.com\/es\/sobre-mi\/\"]}]},{\"@type\":\"BreadcrumbList\",\"@id\":\"https:\/\/eagtrans.com\/es\/sobre-mi\/#breadcrumb\",\"itemListElement\":[{\"@type\":\"ListItem\",\"position\":1,\"name\":\"Portada\",\"item\":\"http:\/\/eagtrans.com\/es\/\"},{\"@type\":\"ListItem\",\"position\":2,\"name\":\"Sobre m\u00ed\"}]},{\"@type\":\"WebSite\",\"@id\":\"https:\/\/eagtrans.com\/es\/#website\",\"url\":\"https:\/\/eagtrans.com\/es\/\",\"name\":\"Elvira Aguilar Gonz\u00e1lez - eagtrans.com\",\"description\":\"Elvira Aguilar Gonz\u00e1lez - eagtrans.com | Traductora\",\"potentialAction\":[{\"@type\":\"SearchAction\",\"target\":{\"@type\":\"EntryPoint\",\"urlTemplate\":\"https:\/\/eagtrans.com\/es\/?s={search_term_string}\"},\"query-input\":{\"@type\":\"PropertyValueSpecification\",\"valueRequired\":true,\"valueName\":\"search_term_string\"}}],\"inLanguage\":\"en-US\"}]}<\/script>\n<!-- \/ Yoast SEO plugin. -->","yoast_head_json":{"title":"Sobre m\u00ed | Elvira Aguilar Gonz\u00e1lez - eagtrans.com | Traductora","description":"Sobre m\u00ed, me dedico a tender puentes entre lenguas y culturas y a facilitar la comprensi\u00f3n y la comunicaci\u00f3n, entre el ingl\u00e9s o franc\u00e9s y el espa\u00f1ol.","robots":{"index":"index","follow":"follow","max-snippet":"max-snippet:-1","max-image-preview":"max-image-preview:large","max-video-preview":"max-video-preview:-1"},"canonical":"https:\/\/eagtrans.com\/es\/sobre-mi\/","og_locale":"en_US","og_type":"article","og_title":"Sobre m\u00ed | Elvira Aguilar Gonz\u00e1lez - eagtrans.com | Traductora","og_description":"Sobre m\u00ed, me dedico a tender puentes entre lenguas y culturas y a facilitar la comprensi\u00f3n y la comunicaci\u00f3n, entre el ingl\u00e9s o franc\u00e9s y el espa\u00f1ol.","og_url":"https:\/\/eagtrans.com\/es\/sobre-mi\/","og_site_name":"Elvira Aguilar Gonz\u00e1lez - eagtrans.com","article_modified_time":"2018-02-17T10:20:11+00:00","twitter_card":"summary_large_image","twitter_misc":{"Est. reading time":"15 minutes"},"schema":{"@context":"https:\/\/schema.org","@graph":[{"@type":"WebPage","@id":"https:\/\/eagtrans.com\/es\/sobre-mi\/","url":"https:\/\/eagtrans.com\/es\/sobre-mi\/","name":"Sobre m\u00ed | Elvira Aguilar Gonz\u00e1lez - eagtrans.com | Traductora","isPartOf":{"@id":"https:\/\/eagtrans.com\/es\/#website"},"datePublished":"2014-04-03T18:15:03+00:00","dateModified":"2018-02-17T10:20:11+00:00","description":"Sobre m\u00ed, me dedico a tender puentes entre lenguas y culturas y a facilitar la comprensi\u00f3n y la comunicaci\u00f3n, entre el ingl\u00e9s o franc\u00e9s y el espa\u00f1ol.","breadcrumb":{"@id":"https:\/\/eagtrans.com\/es\/sobre-mi\/#breadcrumb"},"inLanguage":"en-US","potentialAction":[{"@type":"ReadAction","target":["https:\/\/eagtrans.com\/es\/sobre-mi\/"]}]},{"@type":"BreadcrumbList","@id":"https:\/\/eagtrans.com\/es\/sobre-mi\/#breadcrumb","itemListElement":[{"@type":"ListItem","position":1,"name":"Portada","item":"http:\/\/eagtrans.com\/es\/"},{"@type":"ListItem","position":2,"name":"Sobre m\u00ed"}]},{"@type":"WebSite","@id":"https:\/\/eagtrans.com\/es\/#website","url":"https:\/\/eagtrans.com\/es\/","name":"Elvira Aguilar Gonz\u00e1lez - eagtrans.com","description":"Elvira Aguilar Gonz\u00e1lez - eagtrans.com | Traductora","potentialAction":[{"@type":"SearchAction","target":{"@type":"EntryPoint","urlTemplate":"https:\/\/eagtrans.com\/es\/?s={search_term_string}"},"query-input":{"@type":"PropertyValueSpecification","valueRequired":true,"valueName":"search_term_string"}}],"inLanguage":"en-US"}]}},"jetpack_sharing_enabled":true,"jetpack_shortlink":"https:\/\/wp.me\/PaNv5I-D7","_links":{"self":[{"href":"https:\/\/eagtrans.com\/en\/wp-json\/wp\/v2\/pages\/2425","targetHints":{"allow":["GET"]}}],"collection":[{"href":"https:\/\/eagtrans.com\/en\/wp-json\/wp\/v2\/pages"}],"about":[{"href":"https:\/\/eagtrans.com\/en\/wp-json\/wp\/v2\/types\/page"}],"author":[{"embeddable":true,"href":"https:\/\/eagtrans.com\/en\/wp-json\/wp\/v2\/users\/1"}],"replies":[{"embeddable":true,"href":"https:\/\/eagtrans.com\/en\/wp-json\/wp\/v2\/comments?post=2425"}],"version-history":[{"count":41,"href":"https:\/\/eagtrans.com\/en\/wp-json\/wp\/v2\/pages\/2425\/revisions"}],"predecessor-version":[{"id":3788,"href":"https:\/\/eagtrans.com\/en\/wp-json\/wp\/v2\/pages\/2425\/revisions\/3788"}],"wp:attachment":[{"href":"https:\/\/eagtrans.com\/en\/wp-json\/wp\/v2\/media?parent=2425"}],"curies":[{"name":"wp","href":"https:\/\/api.w.org\/{rel}","templated":true}]}}